{"id":13270,"date":"2023-08-18T14:55:05","date_gmt":"2023-08-18T12:55:05","guid":{"rendered":"https:\/\/www.sucesores.es\/cookies-politik\/"},"modified":"2025-04-21T23:34:30","modified_gmt":"2025-04-21T21:34:30","slug":"cookies-politik","status":"publish","type":"page","link":"https:\/\/www.sucesores.es\/de\/cookies-politik\/","title":{"rendered":"Cookies Politik"},"content":{"rendered":"\n<p>die zur Erlangung der Zustimmung erforderliche Aktion durchf\u00fchren.<br\/>COOKIE-HINWEIS:<br\/>Der Cookie-Hinweis kann auf zwei Arten eingef\u00fchrt werden:<br\/>1.- Es erscheint ein Konfigurationspanel, in dem Cookies (nicht einzeln, sondern in Gruppen) je nach ihrer Kategorisierung akzeptiert oder abgelehnt werden k\u00f6nnen:<br\/>a) Technische Cookies: Wenn diese f\u00fcr das Funktionieren der Website notwendig sind, k\u00f6nnen sie immer aktiv sein. <br\/>b) Pr\u00e4ferenz- oder Personalisierungs-Cookies<br\/>c) Analyse- oder Mess-Cookies<br\/>d) Verhaltensbezogene Werbe-Cookies<br\/>2<br\/>2.- Oder die Annahme oder Ablehnung von Cookies nach Kategorie in derselben Mitteilung.<br\/>COOKIES ABSCHNITT:<br\/>Text, der in den Abschnitt &#8222;Cookies Policy&#8220; aufgenommen werden muss, der unten auf Ihrer Homepage neben den Abschnitten &#8222;Rechtliche Hinweise&#8220; und &#8222;Privacy\/Datenschutzpolitik&#8220; platziert werden sollte:<br\/>Die Website SUCESORES DE CUMBRES MAYORES, S.L. verwendet Cookies (kleine Informationsdateien, die der Server an den Computer der Person sendet, die auf die Seite zugreift) f\u00fcr das korrekte Funktionieren und die Betrachtung der Websites durch den Benutzer sowie f\u00fcr die Sammlung von Statistiken. Im Einzelnen werden die folgenden Cookies verwendet:<br\/>Cookie Zeitlichkeit Eigentum Funktionalit\u00e4t Zweck<br\/>ZUSTIMMUNG<br\/>Dauerhaft<br\/>Extern<br\/>Diese Cookies haben einen Werbezweck. Sie erm\u00f6glichen die Unterscheidung von Browsern und Ger\u00e4ten, um Werbung und Empfehlungen zu generieren.  <br\/>Werbung<br\/>3<br\/>_gid<br\/>Permanent<br\/>Eigene<br\/>Dient zur Unterscheidung von Benutzern.<br\/>Technik<br\/>_ga<br\/>Dauerhaft<br\/>Eigene<br\/>Wird zur Unterscheidung von Benutzern verwendet.<br\/>Technisch<br\/>SIDCC<br\/>Dauerhaft<br\/>Extern<br\/>Diese Cookies dienen der Werbung. Erm\u00f6glicht die Unterscheidung von Browsern und Ger\u00e4ten, um Anzeigen und Empfehlungen zu generieren.<br\/>Werbung<br\/>SSID<br\/>Dauerhaft<br\/>Extern<br\/>Diese Cookies dienen der Werbung. Erm\u00f6glicht die Unterscheidung von Browsern und Ger\u00e4ten, um Werbung und Empfehlungen zu generieren.<br\/>Werbung<br\/>HSID<br\/>Dauerhaft<br\/>Extern<br\/>Diese Cookies dienen der Werbung. Erm\u00f6glicht die Unterscheidung von Browsern und Ger\u00e4ten, um Werbung und Empfehlungen zu generieren.<br\/>Werbung<br\/>SID<br\/>Dauerhaft<br\/>Extern<br\/>Diese Cookies dienen der Werbung. Erm\u00f6glicht die Unterscheidung von Browsern und Ger\u00e4ten, um Anzeigen und Empfehlungen zu generieren.<br\/>Werbung<br\/>SAPISID<br\/>Dauerhaft<br\/>Extern<br\/>Diese Cookies dienen der Werbung. Erm\u00f6glicht die Unterscheidung von Browsern und Ger\u00e4ten, um Werbung und Empfehlungen zu generieren.<br\/>Werbung<br\/>APISID<br\/>Permanent<br\/>Extern<br\/>Diese Cookies dienen der Werbung. Sie erm\u00f6glichen die Unterscheidung von Browsern und Ger\u00e4ten, um Werbung und Empfehlungen zu generieren.      <br\/>Werbung<br\/>DV<br\/>Dauerhaft <br\/> Extern<br\/>Sie dienen dazu, in Ihrem Google-Konto eingeloggt zu bleiben, wenn Sie deren Dienste erneut besuchen.<br\/>Pr\u00e4ferenz<br\/>OTZ<br\/>Permanent<br\/>Extern<br\/>Misst die Anzeigenleistung und gibt Empfehlungen auf der Grundlage statistischer Daten.<br\/>Analytics<br\/>NID<br\/>Permanent <br\/> Extern<br\/>Misst die Anzeigenleistung und gibt Empfehlungen auf der Grundlage statistischer Daten.<br\/>Werbung<br\/>4<br\/>ANID<br\/>Permanent<br\/>Extern<br\/>Misst die Leistung von Anzeigen und gibt Empfehlungen auf der Grundlage statistischer Daten.<br\/>Werbung<br\/>1P_JAR<br\/>Permanent<br\/>Extern<br\/>\u00dcbertr\u00e4gt Daten an Google.<br\/>Analytics<br\/>Secure-3PSIDCC<br\/>Permanent<br\/>Extern<br\/>Diese werden verwendet, um Werbung zu liefern, die f\u00fcr die Nutzer und ihre Interessen relevanter ist.<br\/>Werbung<br\/>Secure-3PAPISID<br\/>Dauerhaft<br\/>Extern<br\/>Diese werden verwendet, um Werbung zu liefern, die f\u00fcr Nutzer und ihre Interessen relevanter ist.<br\/>Werbung<br\/>Secure-3PSID<br\/>Dauerhaft<br\/>Extern<br\/>Diese werden verwendet, um Werbung zu liefern, die f\u00fcr Nutzer und ihre Interessen relevanter ist.<br\/>Werbung<br\/>SUCESORES DE CUMBRES MAYORES, S.L. zeigt bei jedem Login Informationen \u00fcber seine Cookie-Richtlinie an, damit Sie diese zur Kenntnis nehmen k\u00f6nnen.<br\/>Angesichts dieser Informationen k\u00f6nnen Sie die folgenden Ma\u00dfnahmen ergreifen:<br\/>Akzeptieren Sie Cookies. Diese Warnung wird beim Zugriff auf eine beliebige Seite des Portals w\u00e4hrend der aktuellen Sitzung nicht mehr angezeigt.<br\/>\u00c4ndern Sie die Konfiguration. Sie k\u00f6nnen weitere Informationen dar\u00fcber erhalten, was Cookies sind, sich \u00fcber die Cookie-Richtlinie von SUCESORES DE CUMBRES MAYORES, S.L. informieren und die Einstellungen Ihres Browsers \u00e4ndern, um Cookies von SUCESORES DE CUMBRES MAYORES, S.L. jederzeit einzuschr\u00e4nken oder zu blockieren. Im Falle der Einschr\u00e4nkung oder Blockierung von Cookies k\u00f6nnen die Funktionen der Website eingeschr\u00e4nkt sein.<br\/>Weiter surfen oder auf der Bildlaufleiste weitergehen: Dazu m\u00fcssen Sie alle oder einen Teil der Cookies nach Ihrer Wahl akzeptiert haben. Mit Ausnahme der notwendigen Cookies, die akzeptiert werden m\u00fcssen.<br\/>Sie k\u00f6nnen die Cookies von SUCESORES DE CUMBRES MAYORES, S.L. oder jeder anderen Website \u00fcber Ihren Browser einschr\u00e4nken, blockieren oder l\u00f6schen. Jeder Browser funktioniert anders, die &#8222;Hilfe&#8220;-Funktion zeigt Ihnen, wie Sie dies tun k\u00f6nnen.<br\/>Internet Explorer:<br\/>windows.microsoft.com\/de-xl\/internet-explorer\/delete-manage-cookies#ie=&#8220;ie-10&#8243;<br\/>FireFox: support.mozilla.org\/de\/kb\/Delete%20cookies<br\/>Chrome: support.google.com\/chrome\/answer\/95647?hl=&#8220;de&#8220;<br\/>5<br\/>Safari: www.apple.com\/es\/privacy\/use-of-cookies\/<br\/>Dar\u00fcber hinaus k\u00f6nnen Sie die Speicherung von Cookies in Ihrem Browser auch \u00fcber Tools wie die folgenden verwalten:<br\/>Ghostery: www.ghostery.com\/<br\/>Ihre Online-Entscheidungen: www.youronlinechoices.com\/es\/     <\/p>\n","protected":false},"excerpt":{"rendered":"<p>die zur Erlangung der Zustimmung erforderliche Aktion durchf\u00fchren.COOKIE-HINWEIS:Der Cookie-Hinweis kann auf zwei Arten eingef\u00fchrt werden:1.- Es erscheint ein Konfigurationspanel, in dem Cookies (nicht einzeln, sondern in Gruppen) je nach ihrer Kategorisierung akzeptiert oder abgelehnt werden k\u00f6nnen:a) Technische Cookies: Wenn diese f\u00fcr das Funktionieren der Website&#8230;<\/p>\n","protected":false},"author":1,"featured_media":3552,"parent":0,"menu_order":0,"comment_status":"closed","ping_status":"closed","template":"","meta":{"footnotes":""},"class_list":["post-13270","page","type-page","status-publish","has-post-thumbnail","hentry"],"yoast_head":"<!-- This site is optimized with the Yoast SEO Premium plugin v26.1 (Yoast SEO v26.2) - https:\/\/yoast.com\/wordpress\/plugins\/seo\/ -->\n<title>Cookies Politik - Sucesores de Cumbres Mayores<\/title>\n<meta name=\"description\" content=\"Cookies-Politik, in \u00dcbereinstimmung mit der Europ\u00e4ischen Richtlinie von 2009 und Artikel 22 des Gesetzes 34\/2002 vom 11. Juli 2014.\" \/>\n<meta name=\"robots\" content=\"index, follow, max-snippet:-1, max-image-preview:large, max-video-preview:-1\" \/>\n<link rel=\"canonical\" href=\"https:\/\/www.sucesores.es\/de\/cookies-politik\/\" \/>\n<meta property=\"og:locale\" content=\"de_DE\" \/>\n<meta property=\"og:type\" content=\"article\" \/>\n<meta property=\"og:title\" content=\"Cookies Politik\" \/>\n<meta property=\"og:description\" content=\"Cookies-Politik, in \u00dcbereinstimmung mit der Europ\u00e4ischen Richtlinie von 2009 und Artikel 22 des Gesetzes 34\/2002 vom 11. Juli 2014.\" \/>\n<meta property=\"og:url\" content=\"https:\/\/www.sucesores.es\/de\/cookies-politik\/\" \/>\n<meta property=\"og:site_name\" content=\"Sucesores de Cumbres Mayores\" \/>\n<meta property=\"article:modified_time\" content=\"2025-04-21T21:34:30+00:00\" \/>\n<meta property=\"og:image\" content=\"https:\/\/www.sucesores.es\/wp-content\/uploads\/2023\/09\/sello_1.png\" \/>\n\t<meta property=\"og:image:width\" content=\"696\" \/>\n\t<meta property=\"og:image:height\" content=\"768\" \/>\n\t<meta property=\"og:image:type\" content=\"image\/png\" \/>\n<meta name=\"twitter:card\" content=\"summary_large_image\" \/>\n<meta name=\"twitter:label1\" content=\"Gesch\u00e4tzte Lesezeit\" \/>\n\t<meta name=\"twitter:data1\" content=\"3\u00a0Minuten\" \/>\n<script type=\"application\/ld+json\" class=\"yoast-schema-graph\">{\"@context\":\"https:\/\/schema.org\",\"@graph\":[{\"@type\":\"WebPage\",\"@id\":\"https:\/\/www.sucesores.es\/de\/cookies-politik\/\",\"url\":\"https:\/\/www.sucesores.es\/de\/cookies-politik\/\",\"name\":\"Cookies Politik - Sucesores de Cumbres Mayores\",\"isPartOf\":{\"@id\":\"http:\/\/192.168.7.7:8081\/#website\"},\"primaryImageOfPage\":{\"@id\":\"https:\/\/www.sucesores.es\/de\/cookies-politik\/#primaryimage\"},\"image\":{\"@id\":\"https:\/\/www.sucesores.es\/de\/cookies-politik\/#primaryimage\"},\"thumbnailUrl\":\"https:\/\/www.sucesores.es\/wp-content\/uploads\/2023\/09\/sello_1.png\",\"datePublished\":\"2023-08-18T12:55:05+00:00\",\"dateModified\":\"2025-04-21T21:34:30+00:00\",\"description\":\"Cookies-Politik, in \u00dcbereinstimmung mit der Europ\u00e4ischen Richtlinie von 2009 und Artikel 22 des Gesetzes 34\/2002 vom 11. Juli 2014.\",\"breadcrumb\":{\"@id\":\"https:\/\/www.sucesores.es\/de\/cookies-politik\/#breadcrumb\"},\"inLanguage\":\"de\",\"potentialAction\":[{\"@type\":\"ReadAction\",\"target\":[\"https:\/\/www.sucesores.es\/de\/cookies-politik\/\"]}]},{\"@type\":\"ImageObject\",\"inLanguage\":\"de\",\"@id\":\"https:\/\/www.sucesores.es\/de\/cookies-politik\/#primaryimage\",\"url\":\"https:\/\/www.sucesores.es\/wp-content\/uploads\/2023\/09\/sello_1.png\",\"contentUrl\":\"https:\/\/www.sucesores.es\/wp-content\/uploads\/2023\/09\/sello_1.png\",\"width\":696,\"height\":768,\"caption\":\"Cochinita pibil. Sucesores de Cumbres Mayores\"},{\"@type\":\"BreadcrumbList\",\"@id\":\"https:\/\/www.sucesores.es\/de\/cookies-politik\/#breadcrumb\",\"itemListElement\":[{\"@type\":\"ListItem\",\"position\":1,\"name\":\"Portada\",\"item\":\"https:\/\/www.sucesores.es\/de\/inicio\/\"},{\"@type\":\"ListItem\",\"position\":2,\"name\":\"Cookies Politik\"}]},{\"@type\":\"WebSite\",\"@id\":\"http:\/\/192.168.7.7:8081\/#website\",\"url\":\"http:\/\/192.168.7.7:8081\/\",\"name\":\"Sucesores de Cumbres Mayores\",\"description\":\"\",\"publisher\":{\"@id\":\"http:\/\/192.168.7.7:8081\/#organization\"},\"alternateName\":\"Sucesores\",\"potentialAction\":[{\"@type\":\"SearchAction\",\"target\":{\"@type\":\"EntryPoint\",\"urlTemplate\":\"http:\/\/192.168.7.7:8081\/?s={search_term_string}\"},\"query-input\":{\"@type\":\"PropertyValueSpecification\",\"valueRequired\":true,\"valueName\":\"search_term_string\"}}],\"inLanguage\":\"de\"},{\"@type\":\"Organization\",\"@id\":\"http:\/\/192.168.7.7:8081\/#organization\",\"name\":\"Sucesores de Cumbres Mayores\",\"alternateName\":\"Sucesores\",\"url\":\"http:\/\/192.168.7.7:8081\/\",\"logo\":{\"@type\":\"ImageObject\",\"inLanguage\":\"de\",\"@id\":\"http:\/\/192.168.7.7:8081\/#\/schema\/logo\/image\/\",\"url\":\"https:\/\/www.sucesores.es\/wp-content\/uploads\/2023\/08\/logo-menu-400.png\",\"contentUrl\":\"https:\/\/www.sucesores.es\/wp-content\/uploads\/2023\/08\/logo-menu-400.png\",\"width\":400,\"height\":293,\"caption\":\"Sucesores de Cumbres Mayores\"},\"image\":{\"@id\":\"http:\/\/192.168.7.7:8081\/#\/schema\/logo\/image\/\"}}]}<\/script>\n<!-- \/ Yoast SEO Premium plugin. -->","yoast_head_json":{"title":"Cookies Politik - Sucesores de Cumbres Mayores","description":"Cookies-Politik, in \u00dcbereinstimmung mit der Europ\u00e4ischen Richtlinie von 2009 und Artikel 22 des Gesetzes 34\/2002 vom 11. Juli 2014.","robots":{"index":"index","follow":"follow","max-snippet":"max-snippet:-1","max-image-preview":"max-image-preview:large","max-video-preview":"max-video-preview:-1"},"canonical":"https:\/\/www.sucesores.es\/de\/cookies-politik\/","og_locale":"de_DE","og_type":"article","og_title":"Cookies Politik","og_description":"Cookies-Politik, in \u00dcbereinstimmung mit der Europ\u00e4ischen Richtlinie von 2009 und Artikel 22 des Gesetzes 34\/2002 vom 11. Juli 2014.","og_url":"https:\/\/www.sucesores.es\/de\/cookies-politik\/","og_site_name":"Sucesores de Cumbres Mayores","article_modified_time":"2025-04-21T21:34:30+00:00","og_image":[{"width":696,"height":768,"url":"https:\/\/www.sucesores.es\/wp-content\/uploads\/2023\/09\/sello_1.png","type":"image\/png"}],"twitter_card":"summary_large_image","twitter_misc":{"Gesch\u00e4tzte Lesezeit":"3\u00a0Minuten"},"schema":{"@context":"https:\/\/schema.org","@graph":[{"@type":"WebPage","@id":"https:\/\/www.sucesores.es\/de\/cookies-politik\/","url":"https:\/\/www.sucesores.es\/de\/cookies-politik\/","name":"Cookies Politik - Sucesores de Cumbres Mayores","isPartOf":{"@id":"http:\/\/192.168.7.7:8081\/#website"},"primaryImageOfPage":{"@id":"https:\/\/www.sucesores.es\/de\/cookies-politik\/#primaryimage"},"image":{"@id":"https:\/\/www.sucesores.es\/de\/cookies-politik\/#primaryimage"},"thumbnailUrl":"https:\/\/www.sucesores.es\/wp-content\/uploads\/2023\/09\/sello_1.png","datePublished":"2023-08-18T12:55:05+00:00","dateModified":"2025-04-21T21:34:30+00:00","description":"Cookies-Politik, in \u00dcbereinstimmung mit der Europ\u00e4ischen Richtlinie von 2009 und Artikel 22 des Gesetzes 34\/2002 vom 11. Juli 2014.","breadcrumb":{"@id":"https:\/\/www.sucesores.es\/de\/cookies-politik\/#breadcrumb"},"inLanguage":"de","potentialAction":[{"@type":"ReadAction","target":["https:\/\/www.sucesores.es\/de\/cookies-politik\/"]}]},{"@type":"ImageObject","inLanguage":"de","@id":"https:\/\/www.sucesores.es\/de\/cookies-politik\/#primaryimage","url":"https:\/\/www.sucesores.es\/wp-content\/uploads\/2023\/09\/sello_1.png","contentUrl":"https:\/\/www.sucesores.es\/wp-content\/uploads\/2023\/09\/sello_1.png","width":696,"height":768,"caption":"Cochinita pibil. Sucesores de Cumbres Mayores"},{"@type":"BreadcrumbList","@id":"https:\/\/www.sucesores.es\/de\/cookies-politik\/#breadcrumb","itemListElement":[{"@type":"ListItem","position":1,"name":"Portada","item":"https:\/\/www.sucesores.es\/de\/inicio\/"},{"@type":"ListItem","position":2,"name":"Cookies Politik"}]},{"@type":"WebSite","@id":"http:\/\/192.168.7.7:8081\/#website","url":"http:\/\/192.168.7.7:8081\/","name":"Sucesores de Cumbres Mayores","description":"","publisher":{"@id":"http:\/\/192.168.7.7:8081\/#organization"},"alternateName":"Sucesores","potentialAction":[{"@type":"SearchAction","target":{"@type":"EntryPoint","urlTemplate":"http:\/\/192.168.7.7:8081\/?s={search_term_string}"},"query-input":{"@type":"PropertyValueSpecification","valueRequired":true,"valueName":"search_term_string"}}],"inLanguage":"de"},{"@type":"Organization","@id":"http:\/\/192.168.7.7:8081\/#organization","name":"Sucesores de Cumbres Mayores","alternateName":"Sucesores","url":"http:\/\/192.168.7.7:8081\/","logo":{"@type":"ImageObject","inLanguage":"de","@id":"http:\/\/192.168.7.7:8081\/#\/schema\/logo\/image\/","url":"https:\/\/www.sucesores.es\/wp-content\/uploads\/2023\/08\/logo-menu-400.png","contentUrl":"https:\/\/www.sucesores.es\/wp-content\/uploads\/2023\/08\/logo-menu-400.png","width":400,"height":293,"caption":"Sucesores de Cumbres Mayores"},"image":{"@id":"http:\/\/192.168.7.7:8081\/#\/schema\/logo\/image\/"}}]}},"_links":{"self":[{"href":"https:\/\/www.sucesores.es\/de\/wp-json\/wp\/v2\/pages\/13270","targetHints":{"allow":["GET"]}}],"collection":[{"href":"https:\/\/www.sucesores.es\/de\/wp-json\/wp\/v2\/pages"}],"about":[{"href":"https:\/\/www.sucesores.es\/de\/wp-json\/wp\/v2\/types\/page"}],"author":[{"embeddable":true,"href":"https:\/\/www.sucesores.es\/de\/wp-json\/wp\/v2\/users\/1"}],"replies":[{"embeddable":true,"href":"https:\/\/www.sucesores.es\/de\/wp-json\/wp\/v2\/comments?post=13270"}],"version-history":[{"count":1,"href":"https:\/\/www.sucesores.es\/de\/wp-json\/wp\/v2\/pages\/13270\/revisions"}],"predecessor-version":[{"id":13271,"href":"https:\/\/www.sucesores.es\/de\/wp-json\/wp\/v2\/pages\/13270\/revisions\/13271"}],"wp:featuredmedia":[{"embeddable":true,"href":"https:\/\/www.sucesores.es\/de\/wp-json\/wp\/v2\/media\/3552"}],"wp:attachment":[{"href":"https:\/\/www.sucesores.es\/de\/wp-json\/wp\/v2\/media?parent=13270"}],"curies":[{"name":"wp","href":"https:\/\/api.w.org\/{rel}","templated":true}]}}