{"id":13353,"date":"2024-09-28T22:59:57","date_gmt":"2024-09-28T20:59:57","guid":{"rendered":"https:\/\/www.sucesores.es\/producto\/superzartes-rinderfilet-anojo-arrachera-gefroren\/"},"modified":"2025-04-23T19:55:13","modified_gmt":"2025-04-23T17:55:13","slug":"superzartes-rinderfilet-anojo-arrachera-gefroren","status":"publish","type":"product","link":"https:\/\/www.sucesores.es\/de\/produkte\/superzartes-rinderfilet-anojo-arrachera-gefroren\/","title":{"rendered":"Superzartes Rinderfilet (A\u00f1ojo) Arrachera gefroren"},"content":{"rendered":"<p>Mariniertes Rindfleisch, zart durch seine delikate Zubereitung. In Mexiko und den Vereinigten Staaten ist es dank seiner leichten W\u00fcrzung, die eine Vielzahl von kulinarischen Anwendungen erm\u00f6glicht, ein sehr beliebtes Teilst\u00fcck. <\/p>\n","protected":false},"excerpt":{"rendered":"<p>Mariniertes Rindfleisch, zart durch die schonende Zubereitung.<\/p>\n","protected":false},"featured_media":13365,"comment_status":"closed","ping_status":"closed","template":"","meta":[],"product_brand":[],"product_cat":[142],"product_tag":[193],"class_list":{"0":"post-13353","1":"product","2":"type-product","3":"status-publish","4":"has-post-thumbnail","6":"product_cat-sin-categorizar","7":"product_tag-rindfleisch-de","9":"first","10":"instock","11":"taxable","12":"shipping-taxable","13":"product-type-simple"},"exclude_global_add_ons":[],"addons":[],"yoast_head":"<!-- This site is optimized with the Yoast SEO Premium plugin v26.1 (Yoast SEO v26.2) - https:\/\/yoast.com\/wordpress\/plugins\/seo\/ -->\n<title>Superzartes Rinderfilet (A\u00f1ojo) Arrachera gefroren - Sucesores de Cumbres Mayores<\/title>\n<meta name=\"robots\" content=\"index, follow, max-snippet:-1, max-image-preview:large, max-video-preview:-1\" \/>\n<link rel=\"canonical\" href=\"https:\/\/www.sucesores.es\/de\/produkte\/superzartes-rinderfilet-anojo-arrachera-gefroren\/\" \/>\n<meta property=\"og:locale\" content=\"de_DE\" \/>\n<meta property=\"og:type\" content=\"article\" \/>\n<meta property=\"og:title\" content=\"Superzartes Rinderfilet (A\u00f1ojo) Arrachera gefroren\" \/>\n<meta property=\"og:description\" content=\"Mariniertes Rindfleisch, zart durch die schonende Zubereitung.\" \/>\n<meta property=\"og:url\" content=\"https:\/\/www.sucesores.es\/de\/produkte\/superzartes-rinderfilet-anojo-arrachera-gefroren\/\" \/>\n<meta property=\"og:site_name\" content=\"Sucesores de Cumbres Mayores\" \/>\n<meta property=\"article:modified_time\" content=\"2025-04-23T17:55:13+00:00\" \/>\n<meta property=\"og:image\" content=\"https:\/\/www.sucesores.es\/wp-content\/uploads\/2024\/09\/2212313C-imagen2.png\" \/>\n\t<meta property=\"og:image:width\" content=\"640\" \/>\n\t<meta property=\"og:image:height\" content=\"480\" \/>\n\t<meta property=\"og:image:type\" content=\"image\/png\" \/>\n<meta name=\"twitter:card\" content=\"summary_large_image\" \/>\n<script type=\"application\/ld+json\" class=\"yoast-schema-graph\">{\"@context\":\"https:\/\/schema.org\",\"@graph\":[{\"@type\":\"WebPage\",\"@id\":\"https:\/\/www.sucesores.es\/de\/produkte\/superzartes-rinderfilet-anojo-arrachera-gefroren\/\",\"url\":\"https:\/\/www.sucesores.es\/de\/produkte\/superzartes-rinderfilet-anojo-arrachera-gefroren\/\",\"name\":\"Superzartes Rinderfilet (A\u00f1ojo) Arrachera gefroren - Sucesores de Cumbres Mayores\",\"isPartOf\":{\"@id\":\"http:\/\/192.168.7.7:8081\/#website\"},\"primaryImageOfPage\":{\"@id\":\"https:\/\/www.sucesores.es\/de\/produkte\/superzartes-rinderfilet-anojo-arrachera-gefroren\/#primaryimage\"},\"image\":{\"@id\":\"https:\/\/www.sucesores.es\/de\/produkte\/superzartes-rinderfilet-anojo-arrachera-gefroren\/#primaryimage\"},\"thumbnailUrl\":\"https:\/\/www.sucesores.es\/wp-content\/uploads\/2024\/09\/2212313C-imagen2.png\",\"datePublished\":\"2024-09-28T20:59:57+00:00\",\"dateModified\":\"2025-04-23T17:55:13+00:00\",\"breadcrumb\":{\"@id\":\"https:\/\/www.sucesores.es\/de\/produkte\/superzartes-rinderfilet-anojo-arrachera-gefroren\/#breadcrumb\"},\"inLanguage\":\"de\",\"potentialAction\":[{\"@type\":\"ReadAction\",\"target\":[\"https:\/\/www.sucesores.es\/de\/produkte\/superzartes-rinderfilet-anojo-arrachera-gefroren\/\"]}]},{\"@type\":\"ImageObject\",\"inLanguage\":\"de\",\"@id\":\"https:\/\/www.sucesores.es\/de\/produkte\/superzartes-rinderfilet-anojo-arrachera-gefroren\/#primaryimage\",\"url\":\"https:\/\/www.sucesores.es\/wp-content\/uploads\/2024\/09\/2212313C-imagen2.png\",\"contentUrl\":\"https:\/\/www.sucesores.es\/wp-content\/uploads\/2024\/09\/2212313C-imagen2.png\",\"width\":640,\"height\":480},{\"@type\":\"BreadcrumbList\",\"@id\":\"https:\/\/www.sucesores.es\/de\/produkte\/superzartes-rinderfilet-anojo-arrachera-gefroren\/#breadcrumb\",\"itemListElement\":[{\"@type\":\"ListItem\",\"position\":1,\"name\":\"Portada\",\"item\":\"https:\/\/www.sucesores.es\/de\/inicio\/\"},{\"@type\":\"ListItem\",\"position\":2,\"name\":\"Produkte\",\"item\":\"https:\/\/www.sucesores.es\/de\/shop\/\"},{\"@type\":\"ListItem\",\"position\":3,\"name\":\"Superzartes Rinderfilet (A\u00f1ojo) Arrachera gefroren\"}]},{\"@type\":\"WebSite\",\"@id\":\"http:\/\/192.168.7.7:8081\/#website\",\"url\":\"http:\/\/192.168.7.7:8081\/\",\"name\":\"Sucesores de Cumbres Mayores\",\"description\":\"\",\"publisher\":{\"@id\":\"http:\/\/192.168.7.7:8081\/#organization\"},\"alternateName\":\"Sucesores\",\"potentialAction\":[{\"@type\":\"SearchAction\",\"target\":{\"@type\":\"EntryPoint\",\"urlTemplate\":\"http:\/\/192.168.7.7:8081\/?s={search_term_string}\"},\"query-input\":{\"@type\":\"PropertyValueSpecification\",\"valueRequired\":true,\"valueName\":\"search_term_string\"}}],\"inLanguage\":\"de\"},{\"@type\":\"Organization\",\"@id\":\"http:\/\/192.168.7.7:8081\/#organization\",\"name\":\"Sucesores de Cumbres Mayores\",\"alternateName\":\"Sucesores\",\"url\":\"http:\/\/192.168.7.7:8081\/\",\"logo\":{\"@type\":\"ImageObject\",\"inLanguage\":\"de\",\"@id\":\"http:\/\/192.168.7.7:8081\/#\/schema\/logo\/image\/\",\"url\":\"https:\/\/www.sucesores.es\/wp-content\/uploads\/2023\/08\/logo-menu-400.png\",\"contentUrl\":\"https:\/\/www.sucesores.es\/wp-content\/uploads\/2023\/08\/logo-menu-400.png\",\"width\":400,\"height\":293,\"caption\":\"Sucesores de Cumbres Mayores\"},\"image\":{\"@id\":\"http:\/\/192.168.7.7:8081\/#\/schema\/logo\/image\/\"}}]}<\/script>\n<!-- \/ Yoast SEO Premium plugin. -->","yoast_head_json":{"title":"Superzartes Rinderfilet (A\u00f1ojo) Arrachera gefroren - Sucesores de Cumbres Mayores","robots":{"index":"index","follow":"follow","max-snippet":"max-snippet:-1","max-image-preview":"max-image-preview:large","max-video-preview":"max-video-preview:-1"},"canonical":"https:\/\/www.sucesores.es\/de\/produkte\/superzartes-rinderfilet-anojo-arrachera-gefroren\/","og_locale":"de_DE","og_type":"article","og_title":"Superzartes Rinderfilet (A\u00f1ojo) Arrachera gefroren","og_description":"Mariniertes Rindfleisch, zart durch die schonende Zubereitung.","og_url":"https:\/\/www.sucesores.es\/de\/produkte\/superzartes-rinderfilet-anojo-arrachera-gefroren\/","og_site_name":"Sucesores de Cumbres Mayores","article_modified_time":"2025-04-23T17:55:13+00:00","og_image":[{"width":640,"height":480,"url":"https:\/\/www.sucesores.es\/wp-content\/uploads\/2024\/09\/2212313C-imagen2.png","type":"image\/png"}],"twitter_card":"summary_large_image","schema":{"@context":"https:\/\/schema.org","@graph":[{"@type":"WebPage","@id":"https:\/\/www.sucesores.es\/de\/produkte\/superzartes-rinderfilet-anojo-arrachera-gefroren\/","url":"https:\/\/www.sucesores.es\/de\/produkte\/superzartes-rinderfilet-anojo-arrachera-gefroren\/","name":"Superzartes Rinderfilet (A\u00f1ojo) Arrachera gefroren - Sucesores de Cumbres Mayores","isPartOf":{"@id":"http:\/\/192.168.7.7:8081\/#website"},"primaryImageOfPage":{"@id":"https:\/\/www.sucesores.es\/de\/produkte\/superzartes-rinderfilet-anojo-arrachera-gefroren\/#primaryimage"},"image":{"@id":"https:\/\/www.sucesores.es\/de\/produkte\/superzartes-rinderfilet-anojo-arrachera-gefroren\/#primaryimage"},"thumbnailUrl":"https:\/\/www.sucesores.es\/wp-content\/uploads\/2024\/09\/2212313C-imagen2.png","datePublished":"2024-09-28T20:59:57+00:00","dateModified":"2025-04-23T17:55:13+00:00","breadcrumb":{"@id":"https:\/\/www.sucesores.es\/de\/produkte\/superzartes-rinderfilet-anojo-arrachera-gefroren\/#breadcrumb"},"inLanguage":"de","potentialAction":[{"@type":"ReadAction","target":["https:\/\/www.sucesores.es\/de\/produkte\/superzartes-rinderfilet-anojo-arrachera-gefroren\/"]}]},{"@type":"ImageObject","inLanguage":"de","@id":"https:\/\/www.sucesores.es\/de\/produkte\/superzartes-rinderfilet-anojo-arrachera-gefroren\/#primaryimage","url":"https:\/\/www.sucesores.es\/wp-content\/uploads\/2024\/09\/2212313C-imagen2.png","contentUrl":"https:\/\/www.sucesores.es\/wp-content\/uploads\/2024\/09\/2212313C-imagen2.png","width":640,"height":480},{"@type":"BreadcrumbList","@id":"https:\/\/www.sucesores.es\/de\/produkte\/superzartes-rinderfilet-anojo-arrachera-gefroren\/#breadcrumb","itemListElement":[{"@type":"ListItem","position":1,"name":"Portada","item":"https:\/\/www.sucesores.es\/de\/inicio\/"},{"@type":"ListItem","position":2,"name":"Produkte","item":"https:\/\/www.sucesores.es\/de\/shop\/"},{"@type":"ListItem","position":3,"name":"Superzartes Rinderfilet (A\u00f1ojo) Arrachera gefroren"}]},{"@type":"WebSite","@id":"http:\/\/192.168.7.7:8081\/#website","url":"http:\/\/192.168.7.7:8081\/","name":"Sucesores de Cumbres Mayores","description":"","publisher":{"@id":"http:\/\/192.168.7.7:8081\/#organization"},"alternateName":"Sucesores","potentialAction":[{"@type":"SearchAction","target":{"@type":"EntryPoint","urlTemplate":"http:\/\/192.168.7.7:8081\/?s={search_term_string}"},"query-input":{"@type":"PropertyValueSpecification","valueRequired":true,"valueName":"search_term_string"}}],"inLanguage":"de"},{"@type":"Organization","@id":"http:\/\/192.168.7.7:8081\/#organization","name":"Sucesores de Cumbres Mayores","alternateName":"Sucesores","url":"http:\/\/192.168.7.7:8081\/","logo":{"@type":"ImageObject","inLanguage":"de","@id":"http:\/\/192.168.7.7:8081\/#\/schema\/logo\/image\/","url":"https:\/\/www.sucesores.es\/wp-content\/uploads\/2023\/08\/logo-menu-400.png","contentUrl":"https:\/\/www.sucesores.es\/wp-content\/uploads\/2023\/08\/logo-menu-400.png","width":400,"height":293,"caption":"Sucesores de Cumbres Mayores"},"image":{"@id":"http:\/\/192.168.7.7:8081\/#\/schema\/logo\/image\/"}}]}},"_links":{"self":[{"href":"https:\/\/www.sucesores.es\/de\/wp-json\/wp\/v2\/product\/13353","targetHints":{"allow":["GET"]}}],"collection":[{"href":"https:\/\/www.sucesores.es\/de\/wp-json\/wp\/v2\/product"}],"about":[{"href":"https:\/\/www.sucesores.es\/de\/wp-json\/wp\/v2\/types\/product"}],"replies":[{"embeddable":true,"href":"https:\/\/www.sucesores.es\/de\/wp-json\/wp\/v2\/comments?post=13353"}],"wp:featuredmedia":[{"embeddable":true,"href":"https:\/\/www.sucesores.es\/de\/wp-json\/wp\/v2\/media\/13365"}],"wp:attachment":[{"href":"https:\/\/www.sucesores.es\/de\/wp-json\/wp\/v2\/media?parent=13353"}],"wp:term":[{"taxonomy":"product_brand","embeddable":true,"href":"https:\/\/www.sucesores.es\/de\/wp-json\/wp\/v2\/product_brand?post=13353"},{"taxonomy":"product_cat","embeddable":true,"href":"https:\/\/www.sucesores.es\/de\/wp-json\/wp\/v2\/product_cat?post=13353"},{"taxonomy":"product_tag","embeddable":true,"href":"https:\/\/www.sucesores.es\/de\/wp-json\/wp\/v2\/product_tag?post=13353"}],"curies":[{"name":"wp","href":"https:\/\/api.w.org\/{rel}","templated":true}]}}