{"id":13422,"date":"2024-10-26T20:10:54","date_gmt":"2024-10-26T18:10:54","guid":{"rendered":"https:\/\/www.sucesores.es\/producto\/verpflegung\/"},"modified":"2024-10-26T20:10:54","modified_gmt":"2024-10-26T18:10:54","slug":"verpflegung","status":"publish","type":"product","link":"https:\/\/www.sucesores.es\/de\/produkte\/verpflegung\/","title":{"rendered":"Verpflegung"},"content":{"rendered":"<p><img decoding=\"async\" class=\"aligncenter\" src=\"https:\/\/www.sucesores.es\/wp-content\/plugins\/woocommerce-bookings\/dist\/images\/product-templates\/product-1.png\" width=\"400\"><\/p>\n<div class=\"accordion_content ui-accordion-content ui-helper-reset ui-widget-content ui-corner-bottom ui-accordion-content-active\">\n<div class=\"accordion_content_inner\">\n<p><strong>Genie\u00dfen Sie unseren spezialisierten Cateringservice<\/strong><\/p>\n<p>Unser Catering bietet drei einzigartige Optionen f\u00fcr Ihre Veranstaltung: <strong>Tacos<\/strong>, <strong>Mini-Burger<\/strong> oder eine <strong>gemischte<\/strong> Kombination aus beidem.<\/p>\n<p>Mit frischen, hochwertigen Zutaten ist jede Option perfekt f\u00fcr Familienfeiern, Firmenveranstaltungen oder private Zusammenk\u00fcnfte.<\/p>\n<p>Die Tacos bieten eine Auswahl an F\u00fcllungen und So\u00dfen f\u00fcr jeden Geschmack, w\u00e4hrend die Mini-Burger ideal f\u00fcr einen leckeren, leicht zu genie\u00dfenden Happen sind.<\/p>\n<p>W\u00e4hlen Sie die Option, die am besten zu Ihrer Veranstaltung passt, um ein unvergessliches Esserlebnis zu haben.<\/p>\n<\/div>\n<\/div>\n","protected":false},"excerpt":{"rendered":"<p>Wenn Sie Tagestouren f\u00fcr eine Aktivit\u00e4t buchen m\u00f6chten, ist dies Ihr Ausgangspunkt. Sie k\u00f6nnen Touren mit unterschiedlichen Kosten und G\u00e4stetypen buchen.  <\/p>\n","protected":false},"featured_media":0,"comment_status":"open","ping_status":"closed","template":"","meta":[],"product_brand":[],"product_cat":[142],"product_tag":[],"class_list":{"0":"post-13422","1":"product","2":"type-product","3":"status-publish","5":"product_cat-sin-categorizar","7":"first","8":"instock","9":"sold-individually","10":"taxable","11":"shipping-taxable","12":"purchasable","13":"product-type-booking"},"exclude_global_add_ons":false,"addons":[{"name":"Tipo de catering","type":"multiple_choice","position":0,"required":false,"title_format":"label","description_enable":false,"description":"","placeholder_enable":false,"placeholder":"","display":"select","restrictions_type":"any_text","adjust_price":false,"price":"","price_type":"flat_fee","restrictions":false,"min":0,"max":0,"options":[{"label":"Tacos","price":"","price_type":"flat_fee","image":0},{"label":"Mini hamburguesas","price":"","price_type":"flat_fee","image":0},{"label":"Mixto","price":"","price_type":"flat_fee","image":0}],"id":1729973899}],"yoast_head":"<!-- This site is optimized with the Yoast SEO Premium plugin v26.1 (Yoast SEO v26.2) - https:\/\/yoast.com\/wordpress\/plugins\/seo\/ -->\n<title>Verpflegung - Sucesores de Cumbres Mayores<\/title>\n<meta name=\"robots\" content=\"index, follow, max-snippet:-1, max-image-preview:large, max-video-preview:-1\" \/>\n<link rel=\"canonical\" href=\"https:\/\/www.sucesores.es\/de\/produkte\/verpflegung\/\" \/>\n<meta property=\"og:locale\" content=\"de_DE\" \/>\n<meta property=\"og:type\" content=\"article\" \/>\n<meta property=\"og:title\" content=\"Verpflegung\" \/>\n<meta property=\"og:description\" content=\"Wenn Sie Tagestouren f\u00fcr eine Aktivit\u00e4t buchen m\u00f6chten, ist dies Ihr Ausgangspunkt. Sie k\u00f6nnen Touren mit unterschiedlichen Kosten und G\u00e4stetypen buchen.\" \/>\n<meta property=\"og:url\" content=\"https:\/\/www.sucesores.es\/de\/produkte\/verpflegung\/\" \/>\n<meta property=\"og:site_name\" content=\"Sucesores de Cumbres Mayores\" \/>\n<meta property=\"og:image\" content=\"https:\/\/www.sucesores.es\/wp-content\/plugins\/woocommerce-bookings\/dist\/images\/product-templates\/product-1.png\" \/>\n<meta name=\"twitter:card\" content=\"summary_large_image\" \/>\n<script type=\"application\/ld+json\" class=\"yoast-schema-graph\">{\"@context\":\"https:\/\/schema.org\",\"@graph\":[{\"@type\":\"WebPage\",\"@id\":\"https:\/\/www.sucesores.es\/de\/produkte\/verpflegung\/\",\"url\":\"https:\/\/www.sucesores.es\/de\/produkte\/verpflegung\/\",\"name\":\"Verpflegung - Sucesores de Cumbres Mayores\",\"isPartOf\":{\"@id\":\"http:\/\/192.168.7.7:8081\/#website\"},\"primaryImageOfPage\":{\"@id\":\"https:\/\/www.sucesores.es\/de\/produkte\/verpflegung\/#primaryimage\"},\"image\":{\"@id\":\"https:\/\/www.sucesores.es\/de\/produkte\/verpflegung\/#primaryimage\"},\"thumbnailUrl\":\"https:\/\/www.sucesores.es\/wp-content\/plugins\/woocommerce-bookings\/dist\/images\/product-templates\/product-1.png\",\"datePublished\":\"2024-10-26T18:10:54+00:00\",\"breadcrumb\":{\"@id\":\"https:\/\/www.sucesores.es\/de\/produkte\/verpflegung\/#breadcrumb\"},\"inLanguage\":\"de\",\"potentialAction\":[{\"@type\":\"ReadAction\",\"target\":[\"https:\/\/www.sucesores.es\/de\/produkte\/verpflegung\/\"]}]},{\"@type\":\"ImageObject\",\"inLanguage\":\"de\",\"@id\":\"https:\/\/www.sucesores.es\/de\/produkte\/verpflegung\/#primaryimage\",\"url\":\"https:\/\/www.sucesores.es\/wp-content\/plugins\/woocommerce-bookings\/dist\/images\/product-templates\/product-1.png\",\"contentUrl\":\"https:\/\/www.sucesores.es\/wp-content\/plugins\/woocommerce-bookings\/dist\/images\/product-templates\/product-1.png\"},{\"@type\":\"BreadcrumbList\",\"@id\":\"https:\/\/www.sucesores.es\/de\/produkte\/verpflegung\/#breadcrumb\",\"itemListElement\":[{\"@type\":\"ListItem\",\"position\":1,\"name\":\"Portada\",\"item\":\"https:\/\/www.sucesores.es\/de\/inicio\/\"},{\"@type\":\"ListItem\",\"position\":2,\"name\":\"Produkte\",\"item\":\"https:\/\/www.sucesores.es\/de\/shop\/\"},{\"@type\":\"ListItem\",\"position\":3,\"name\":\"Verpflegung\"}]},{\"@type\":\"WebSite\",\"@id\":\"http:\/\/192.168.7.7:8081\/#website\",\"url\":\"http:\/\/192.168.7.7:8081\/\",\"name\":\"Sucesores de Cumbres Mayores\",\"description\":\"\",\"publisher\":{\"@id\":\"http:\/\/192.168.7.7:8081\/#organization\"},\"alternateName\":\"Sucesores\",\"potentialAction\":[{\"@type\":\"SearchAction\",\"target\":{\"@type\":\"EntryPoint\",\"urlTemplate\":\"http:\/\/192.168.7.7:8081\/?s={search_term_string}\"},\"query-input\":{\"@type\":\"PropertyValueSpecification\",\"valueRequired\":true,\"valueName\":\"search_term_string\"}}],\"inLanguage\":\"de\"},{\"@type\":\"Organization\",\"@id\":\"http:\/\/192.168.7.7:8081\/#organization\",\"name\":\"Sucesores de Cumbres Mayores\",\"alternateName\":\"Sucesores\",\"url\":\"http:\/\/192.168.7.7:8081\/\",\"logo\":{\"@type\":\"ImageObject\",\"inLanguage\":\"de\",\"@id\":\"http:\/\/192.168.7.7:8081\/#\/schema\/logo\/image\/\",\"url\":\"https:\/\/www.sucesores.es\/wp-content\/uploads\/2023\/08\/logo-menu-400.png\",\"contentUrl\":\"https:\/\/www.sucesores.es\/wp-content\/uploads\/2023\/08\/logo-menu-400.png\",\"width\":400,\"height\":293,\"caption\":\"Sucesores de Cumbres Mayores\"},\"image\":{\"@id\":\"http:\/\/192.168.7.7:8081\/#\/schema\/logo\/image\/\"}}]}<\/script>\n<!-- \/ Yoast SEO Premium plugin. -->","yoast_head_json":{"title":"Verpflegung - Sucesores de Cumbres Mayores","robots":{"index":"index","follow":"follow","max-snippet":"max-snippet:-1","max-image-preview":"max-image-preview:large","max-video-preview":"max-video-preview:-1"},"canonical":"https:\/\/www.sucesores.es\/de\/produkte\/verpflegung\/","og_locale":"de_DE","og_type":"article","og_title":"Verpflegung","og_description":"Wenn Sie Tagestouren f\u00fcr eine Aktivit\u00e4t buchen m\u00f6chten, ist dies Ihr Ausgangspunkt. Sie k\u00f6nnen Touren mit unterschiedlichen Kosten und G\u00e4stetypen buchen.","og_url":"https:\/\/www.sucesores.es\/de\/produkte\/verpflegung\/","og_site_name":"Sucesores de Cumbres Mayores","og_image":[{"url":"https:\/\/www.sucesores.es\/wp-content\/plugins\/woocommerce-bookings\/dist\/images\/product-templates\/product-1.png","type":"","width":"","height":""}],"twitter_card":"summary_large_image","schema":{"@context":"https:\/\/schema.org","@graph":[{"@type":"WebPage","@id":"https:\/\/www.sucesores.es\/de\/produkte\/verpflegung\/","url":"https:\/\/www.sucesores.es\/de\/produkte\/verpflegung\/","name":"Verpflegung - Sucesores de Cumbres Mayores","isPartOf":{"@id":"http:\/\/192.168.7.7:8081\/#website"},"primaryImageOfPage":{"@id":"https:\/\/www.sucesores.es\/de\/produkte\/verpflegung\/#primaryimage"},"image":{"@id":"https:\/\/www.sucesores.es\/de\/produkte\/verpflegung\/#primaryimage"},"thumbnailUrl":"https:\/\/www.sucesores.es\/wp-content\/plugins\/woocommerce-bookings\/dist\/images\/product-templates\/product-1.png","datePublished":"2024-10-26T18:10:54+00:00","breadcrumb":{"@id":"https:\/\/www.sucesores.es\/de\/produkte\/verpflegung\/#breadcrumb"},"inLanguage":"de","potentialAction":[{"@type":"ReadAction","target":["https:\/\/www.sucesores.es\/de\/produkte\/verpflegung\/"]}]},{"@type":"ImageObject","inLanguage":"de","@id":"https:\/\/www.sucesores.es\/de\/produkte\/verpflegung\/#primaryimage","url":"https:\/\/www.sucesores.es\/wp-content\/plugins\/woocommerce-bookings\/dist\/images\/product-templates\/product-1.png","contentUrl":"https:\/\/www.sucesores.es\/wp-content\/plugins\/woocommerce-bookings\/dist\/images\/product-templates\/product-1.png"},{"@type":"BreadcrumbList","@id":"https:\/\/www.sucesores.es\/de\/produkte\/verpflegung\/#breadcrumb","itemListElement":[{"@type":"ListItem","position":1,"name":"Portada","item":"https:\/\/www.sucesores.es\/de\/inicio\/"},{"@type":"ListItem","position":2,"name":"Produkte","item":"https:\/\/www.sucesores.es\/de\/shop\/"},{"@type":"ListItem","position":3,"name":"Verpflegung"}]},{"@type":"WebSite","@id":"http:\/\/192.168.7.7:8081\/#website","url":"http:\/\/192.168.7.7:8081\/","name":"Sucesores de Cumbres Mayores","description":"","publisher":{"@id":"http:\/\/192.168.7.7:8081\/#organization"},"alternateName":"Sucesores","potentialAction":[{"@type":"SearchAction","target":{"@type":"EntryPoint","urlTemplate":"http:\/\/192.168.7.7:8081\/?s={search_term_string}"},"query-input":{"@type":"PropertyValueSpecification","valueRequired":true,"valueName":"search_term_string"}}],"inLanguage":"de"},{"@type":"Organization","@id":"http:\/\/192.168.7.7:8081\/#organization","name":"Sucesores de Cumbres Mayores","alternateName":"Sucesores","url":"http:\/\/192.168.7.7:8081\/","logo":{"@type":"ImageObject","inLanguage":"de","@id":"http:\/\/192.168.7.7:8081\/#\/schema\/logo\/image\/","url":"https:\/\/www.sucesores.es\/wp-content\/uploads\/2023\/08\/logo-menu-400.png","contentUrl":"https:\/\/www.sucesores.es\/wp-content\/uploads\/2023\/08\/logo-menu-400.png","width":400,"height":293,"caption":"Sucesores de Cumbres Mayores"},"image":{"@id":"http:\/\/192.168.7.7:8081\/#\/schema\/logo\/image\/"}}]}},"_links":{"self":[{"href":"https:\/\/www.sucesores.es\/de\/wp-json\/wp\/v2\/product\/13422","targetHints":{"allow":["GET"]}}],"collection":[{"href":"https:\/\/www.sucesores.es\/de\/wp-json\/wp\/v2\/product"}],"about":[{"href":"https:\/\/www.sucesores.es\/de\/wp-json\/wp\/v2\/types\/product"}],"replies":[{"embeddable":true,"href":"https:\/\/www.sucesores.es\/de\/wp-json\/wp\/v2\/comments?post=13422"}],"wp:attachment":[{"href":"https:\/\/www.sucesores.es\/de\/wp-json\/wp\/v2\/media?parent=13422"}],"wp:term":[{"taxonomy":"product_brand","embeddable":true,"href":"https:\/\/www.sucesores.es\/de\/wp-json\/wp\/v2\/product_brand?post=13422"},{"taxonomy":"product_cat","embeddable":true,"href":"https:\/\/www.sucesores.es\/de\/wp-json\/wp\/v2\/product_cat?post=13422"},{"taxonomy":"product_tag","embeddable":true,"href":"https:\/\/www.sucesores.es\/de\/wp-json\/wp\/v2\/product_tag?post=13422"}],"curies":[{"name":"wp","href":"https:\/\/api.w.org\/{rel}","templated":true}]}}