{"id":4772,"date":"2023-08-18T14:55:05","date_gmt":"2023-08-18T12:55:05","guid":{"rendered":"https:\/\/www.sucesores.es\/politique-en-matiere-de-cookies\/"},"modified":"2024-01-31T17:07:27","modified_gmt":"2024-01-31T16:07:27","slug":"politique-en-matiere-de-cookies","status":"publish","type":"page","link":"https:\/\/www.sucesores.es\/fr\/politique-en-matiere-de-cookies\/","title":{"rendered":"Politique en mati\u00e8re de cookies"},"content":{"rendered":"\n<p>Prendre les mesures n\u00e9cessaires pour obtenir le consentement.<br\/>AVIS SUR LES COOKIES :<br\/>L\u2019avis sur les cookies peut \u00eatre saisi de l\u2019une des deux mani\u00e8res suivantes :<br\/>1.- Qu\u2019un panneau de configuration apparaisse dans lequel les cookies peuvent \u00eatre accept\u00e9s ou refus\u00e9s (non pas individuellement mais en tant que groupe) en fonction de la cat\u00e9gorisation :<br\/>a) Cookies techniques : s\u2019ils sont n\u00e9cessaires pour les ss. Ils peuvent toujours \u00eatre actifs.<br\/>b) Cookies de pr\u00e9f\u00e9rence ou de personnalisation<br\/>c) Cookies d\u2019analyse ou de mesure<br\/>d) Cookies de publicit\u00e9 comportementale<br\/>2<br\/>2.- Ou vous permettre d\u2019accepter ou de refuser les cookies par cat\u00e9gorie dans ce m\u00eame avis.<br\/>SECTION DES COOKIES :<br\/>Texte \u00e0 saisir dans la section \u00ab Politique de cookies \u00bb qui doit \u00eatre affich\u00e9e en bas de votre page d\u2019accueil, \u00e0 c\u00f4t\u00e9 des sections \u00ab Mentions l\u00e9gales \u00bb et \u00ab Politique de confidentialit\u00e9\/protection des donn\u00e9es \u00bb :<br\/>Le site web de SUCESORES DE CUMBRES MAYORES, S.L. utilise des cookies (petits fichiers d\u2019information que le serveur envoie \u00e0 l\u2019ordinateur de ceux qui acc\u00e8dent \u00e0 la page) pour le bon fonctionnement et la visualisation des sites web par l\u2019utilisateur, ainsi que pour la collecte de statistiques. Plus pr\u00e9cis\u00e9ment, les cookies suivants sont utilis\u00e9s :<br\/>Temporalit\u00e9 des cookies Propri\u00e9t\u00e9 Fonctionnalit\u00e9 Finalit\u00e9<br\/>CONSENTEMENT<br\/>Permanent<br\/>\u00c9tranger<br\/>Ces cookies sont destin\u00e9s \u00e0 des fins publicitaires. Il vous permet de distinguer les navigateurs et les appareils pour g\u00e9n\u00e9rer des publicit\u00e9s et des recommandations.<br\/>Publicit\u00e9s<br\/>3<br\/>_Gid<br\/>Permanent<br\/>Poss\u00e9der<br\/>Il est utilis\u00e9 pour distinguer les utilisateurs.<br\/>Technique<br\/>_ga<br\/>Permanent<br\/>Poss\u00e9der<br\/>Il est utilis\u00e9 pour distinguer les utilisateurs.<br\/>Technique<br\/>Le SIDCC<br\/>Permanent<br\/>\u00c9tranger<br\/>Ces cookies sont destin\u00e9s \u00e0 des fins publicitaires. Il vous permet de distinguer les navigateurs et les appareils pour g\u00e9n\u00e9rer des publicit\u00e9s et des recommandations.<br\/>Publicit\u00e9s<br\/>SSID (SSID)<br\/>Permanent<br\/>\u00c9tranger<br\/>Ces cookies sont destin\u00e9s \u00e0 des fins publicitaires. Il vous permet de distinguer les navigateurs et les appareils pour g\u00e9n\u00e9rer des publicit\u00e9s et des recommandations.<br\/>Publicit\u00e9s<br\/>HSID (Anglais seulement)<br\/>Permanent<br\/>\u00c9tranger<br\/>Ces cookies sont destin\u00e9s \u00e0 des fins publicitaires. Il vous permet de distinguer les navigateurs et les appareils pour g\u00e9n\u00e9rer des publicit\u00e9s et des recommandations.<br\/>Publicit\u00e9s<br\/>SID<br\/>Permanent<br\/>\u00c9tranger<br\/>Ces cookies sont destin\u00e9s \u00e0 des fins publicitaires. Il vous permet de distinguer les navigateurs et les appareils pour g\u00e9n\u00e9rer des publicit\u00e9s et des recommandations.<br\/>Publicit\u00e9s<br\/>SAPISID<br\/>Permanent<br\/>\u00c9tranger<br\/>Ces cookies sont destin\u00e9s \u00e0 des fins publicitaires. Il vous permet de distinguer les navigateurs et les appareils pour g\u00e9n\u00e9rer des publicit\u00e9s et des recommandations.<br\/>Publicit\u00e9s<br\/>L\u2019APISID<br\/>Permanent<br\/>\u00c9tranger<br\/>Ces cookies sont destin\u00e9s \u00e0 des fins publicitaires. Il vous permet de distinguer les navigateurs et les appareils pour g\u00e9n\u00e9rer des publicit\u00e9s et des recommandations.<br\/>Publicit\u00e9s<br\/>DV<br\/>Permanent<br\/>\u00c9tranger<br\/>Ils sont utilis\u00e9s pour rester connect\u00e9s \u00e0 votre compte Google lorsque vous visitez \u00e0 nouveau leurs services.<br\/>Pr\u00e9f\u00e9rence<br\/>OTZ (en anglais seulement)<br\/>Permanent<br\/>\u00c9tranger<br\/>Il mesure les performances des publicit\u00e9s et fournit des recommandations bas\u00e9es sur des donn\u00e9es statistiques.<br\/>Analyse<br\/>NID (en anglais seulement)<br\/>Permanent<br\/>\u00c9tranger<br\/>Il mesure les performances des publicit\u00e9s et fournit des recommandations bas\u00e9es sur des donn\u00e9es statistiques.<br\/>Publicit\u00e9s<br\/>4<br\/>ANID<br\/>Permanent<br\/>\u00c9tranger<br\/>Il mesure les performances des publicit\u00e9s et fournit des recommandations bas\u00e9es sur des donn\u00e9es statistiques.<br\/>Publicit\u00e9s<br\/>1P_JAR<br\/>Permanent<br\/>\u00c9tranger<br\/>Transf\u00e9rer des donn\u00e9es \u00e0 Google.<br\/>Analyse<br\/>S\u00e9curis\u00e9-3PSIDCC<br\/>Permanent<br\/>\u00c9tranger<br\/>Ils sont utilis\u00e9s pour diffuser des publicit\u00e9s plus pertinentes pour les utilisateurs et leurs int\u00e9r\u00eats.<br\/>Publicit\u00e9s<br\/>S\u00e9curis\u00e9-3PAPISID<br\/>Permanent<br\/>\u00c9tranger<br\/>Ils sont utilis\u00e9s pour diffuser des publicit\u00e9s plus pertinentes pour les utilisateurs et leurs int\u00e9r\u00eats.<br\/>Publicit\u00e9s<br\/>S\u00e9curis\u00e9-3PSID<br\/>Permanent<br\/>\u00c9tranger<br\/>Ils sont utilis\u00e9s pour diffuser des publicit\u00e9s plus pertinentes pour les utilisateurs et leurs int\u00e9r\u00eats.<br\/>Publicit\u00e9s<br\/>SUCESORES DE CUMBRES MAYORES, S.L. affiche des informations sur sa politique de cookies \u00e0 chaque connexion afin que vous en soyez inform\u00e9.<br\/>Compte tenu de ces informations, il est possible d\u2019effectuer les actions suivantes :<br\/>Accepter les cookies. Cet avis ne s\u2019affichera plus lors de l\u2019acc\u00e8s \u00e0 une page du portail au cours de cette session.<br\/>Modifiez les param\u00e8tres. Vous pouvez obtenir plus d\u2019informations sur ce que sont les cookies, prendre connaissance de la politique de cookies de SUCESORES DE CUMBRES MAYORES, S.L. et modifier les param\u00e8tres de votre navigateur pour restreindre ou bloquer les cookies de SUCESORES DE CUMBRES MAYORES, S.L. \u00e0 tout moment. En cas de restriction ou de blocage des cookies, les fonctionnalit\u00e9s du site web peuvent \u00eatre r\u00e9duites.<br\/>Continuez \u00e0 naviguer ou d\u00e9placez-vous dans la barre de d\u00e9filement : Pour ce faire, vous devez avoir accept\u00e9 tout ou partie des cookies selon votre choix. \u00c0 l\u2019exception des cookies n\u00e9cessaires, qui seront obligatoirement accept\u00e9s.<br\/>Vous pouvez restreindre, bloquer ou supprimer les cookies de SUCESORES DE CUMBRES MAYORES, S.L. ou de tout autre site web, \u00e0 l\u2019aide de votre navigateur. Dans chaque navigateur, l\u2019op\u00e9ration est diff\u00e9rente, la fonction \u00ab\u00a0Aide\u00a0\u00bb vous montrera comment faire.<br\/>Internet Explorer :<br\/>windows.microsoft.com\/es-xl\/internet-explorer\/delete-manage-cookies#ie=\u00a0\u00bbc\u2019est-\u00e0-dire 10\u00a0\u00bb<br\/>FireFox : support.mozilla.org\/es\/kb\/Borrar%20cookies<br\/>Chrome : support.google.com\/chrome\/answer\/95647?hl=\u00a0\u00bbfr\u00a0\u00bb<br\/>5<br\/>Safari : www.apple.com\/es\/privacy\/use-of-cookies\/<br\/>En outre, vous pouvez \u00e9galement g\u00e9rer le stockage des cookies dans votre navigateur gr\u00e2ce \u00e0 des outils tels que les suivants :<br\/>Fant\u00f4me : www.ghostery.com\/<br\/>Vos choix en ligne : www.youronlinechoices.com\/es\/<\/p>\n","protected":false},"excerpt":{"rendered":"<p>Prendre les mesures n\u00e9cessaires pour obtenir le consentement.AVIS SUR LES COOKIES :L\u2019avis sur les cookies peut \u00eatre saisi de l\u2019une des deux mani\u00e8res suivantes :1.- Qu\u2019un panneau de configuration apparaisse dans lequel les cookies peuvent \u00eatre accept\u00e9s ou refus\u00e9s (non pas individuellement mais en tant&#8230;<\/p>\n","protected":false},"author":1,"featured_media":3551,"parent":0,"menu_order":0,"comment_status":"closed","ping_status":"closed","template":"","meta":{"footnotes":""},"class_list":["post-4772","page","type-page","status-publish","has-post-thumbnail","hentry"],"yoast_head":"<!-- This site is optimized with the Yoast SEO Premium plugin v26.1 (Yoast SEO v26.2) - https:\/\/yoast.com\/wordpress\/plugins\/seo\/ -->\n<title>Politique en mati\u00e8re de cookies - Sucesores de Cumbres Mayores<\/title>\n<meta name=\"description\" content=\"Politique de cookies, conform\u00e9ment \u00e0 la directive europ\u00e9enne de 2009 et \u00e0 l\u2019article 22 de la loi 34\/2002 du 11 juillet 2014\" \/>\n<meta name=\"robots\" content=\"index, follow, max-snippet:-1, max-image-preview:large, max-video-preview:-1\" \/>\n<link rel=\"canonical\" href=\"https:\/\/www.sucesores.es\/fr\/politique-en-matiere-de-cookies\/\" \/>\n<meta property=\"og:locale\" content=\"fr_FR\" \/>\n<meta property=\"og:type\" content=\"article\" \/>\n<meta property=\"og:title\" content=\"Politique en mati\u00e8re de cookies\" \/>\n<meta property=\"og:description\" content=\"Politique de cookies, conform\u00e9ment \u00e0 la directive europ\u00e9enne de 2009 et \u00e0 l\u2019article 22 de la loi 34\/2002 du 11 juillet 2014\" \/>\n<meta property=\"og:url\" content=\"https:\/\/www.sucesores.es\/fr\/politique-en-matiere-de-cookies\/\" \/>\n<meta property=\"og:site_name\" content=\"Sucesores de Cumbres Mayores\" \/>\n<meta property=\"article:modified_time\" content=\"2024-01-31T16:07:27+00:00\" \/>\n<meta property=\"og:image\" content=\"https:\/\/www.sucesores.es\/http:\/\/www.sucesores.es\/wp-content\/uploads\/2023\/09\/sello_1.png\" \/>\n\t<meta property=\"og:image:width\" content=\"696\" \/>\n\t<meta property=\"og:image:height\" content=\"768\" \/>\n\t<meta property=\"og:image:type\" content=\"image\/png\" \/>\n<meta name=\"twitter:card\" content=\"summary_large_image\" \/>\n<meta name=\"twitter:label1\" content=\"Dur\u00e9e de lecture estim\u00e9e\" \/>\n\t<meta name=\"twitter:data1\" content=\"5 minutes\" \/>\n<script type=\"application\/ld+json\" class=\"yoast-schema-graph\">{\"@context\":\"https:\/\/schema.org\",\"@graph\":[{\"@type\":\"WebPage\",\"@id\":\"https:\/\/www.sucesores.es\/fr\/politique-en-matiere-de-cookies\/\",\"url\":\"https:\/\/www.sucesores.es\/fr\/politique-en-matiere-de-cookies\/\",\"name\":\"Politique en mati\u00e8re de cookies - Sucesores de Cumbres Mayores\",\"isPartOf\":{\"@id\":\"http:\/\/192.168.7.7:8081\/#website\"},\"primaryImageOfPage\":{\"@id\":\"https:\/\/www.sucesores.es\/fr\/politique-en-matiere-de-cookies\/#primaryimage\"},\"image\":{\"@id\":\"https:\/\/www.sucesores.es\/fr\/politique-en-matiere-de-cookies\/#primaryimage\"},\"thumbnailUrl\":\"https:\/\/www.sucesores.es\/wp-content\/uploads\/2023\/09\/sello_1.png\",\"datePublished\":\"2023-08-18T12:55:05+00:00\",\"dateModified\":\"2024-01-31T16:07:27+00:00\",\"description\":\"Politique de cookies, conform\u00e9ment \u00e0 la directive europ\u00e9enne de 2009 et \u00e0 l\u2019article 22 de la loi 34\/2002 du 11 juillet 2014\",\"breadcrumb\":{\"@id\":\"https:\/\/www.sucesores.es\/fr\/politique-en-matiere-de-cookies\/#breadcrumb\"},\"inLanguage\":\"fr-FR\",\"potentialAction\":[{\"@type\":\"ReadAction\",\"target\":[\"https:\/\/www.sucesores.es\/fr\/politique-en-matiere-de-cookies\/\"]}]},{\"@type\":\"ImageObject\",\"inLanguage\":\"fr-FR\",\"@id\":\"https:\/\/www.sucesores.es\/fr\/politique-en-matiere-de-cookies\/#primaryimage\",\"url\":\"https:\/\/www.sucesores.es\/wp-content\/uploads\/2023\/09\/sello_1.png\",\"contentUrl\":\"https:\/\/www.sucesores.es\/wp-content\/uploads\/2023\/09\/sello_1.png\",\"width\":696,\"height\":768,\"caption\":\"Cochinita pibil. Sucesores de Cumbres Mayores\"},{\"@type\":\"BreadcrumbList\",\"@id\":\"https:\/\/www.sucesores.es\/fr\/politique-en-matiere-de-cookies\/#breadcrumb\",\"itemListElement\":[{\"@type\":\"ListItem\",\"position\":1,\"name\":\"Portada\",\"item\":\"https:\/\/www.sucesores.es\/fr\/inicio\/\"},{\"@type\":\"ListItem\",\"position\":2,\"name\":\"Politique en mati\u00e8re de cookies\"}]},{\"@type\":\"WebSite\",\"@id\":\"http:\/\/192.168.7.7:8081\/#website\",\"url\":\"http:\/\/192.168.7.7:8081\/\",\"name\":\"Sucesores de Cumbres Mayores\",\"description\":\"\",\"publisher\":{\"@id\":\"http:\/\/192.168.7.7:8081\/#organization\"},\"alternateName\":\"Sucesores\",\"potentialAction\":[{\"@type\":\"SearchAction\",\"target\":{\"@type\":\"EntryPoint\",\"urlTemplate\":\"http:\/\/192.168.7.7:8081\/?s={search_term_string}\"},\"query-input\":{\"@type\":\"PropertyValueSpecification\",\"valueRequired\":true,\"valueName\":\"search_term_string\"}}],\"inLanguage\":\"fr-FR\"},{\"@type\":\"Organization\",\"@id\":\"http:\/\/192.168.7.7:8081\/#organization\",\"name\":\"Sucesores de Cumbres Mayores\",\"alternateName\":\"Sucesores\",\"url\":\"http:\/\/192.168.7.7:8081\/\",\"logo\":{\"@type\":\"ImageObject\",\"inLanguage\":\"fr-FR\",\"@id\":\"http:\/\/192.168.7.7:8081\/#\/schema\/logo\/image\/\",\"url\":\"https:\/\/www.sucesores.es\/wp-content\/uploads\/2023\/08\/logo-menu-400.png\",\"contentUrl\":\"https:\/\/www.sucesores.es\/wp-content\/uploads\/2023\/08\/logo-menu-400.png\",\"width\":400,\"height\":293,\"caption\":\"Sucesores de Cumbres Mayores\"},\"image\":{\"@id\":\"http:\/\/192.168.7.7:8081\/#\/schema\/logo\/image\/\"}}]}<\/script>\n<!-- \/ Yoast SEO Premium plugin. -->","yoast_head_json":{"title":"Politique en mati\u00e8re de cookies - Sucesores de Cumbres Mayores","description":"Politique de cookies, conform\u00e9ment \u00e0 la directive europ\u00e9enne de 2009 et \u00e0 l\u2019article 22 de la loi 34\/2002 du 11 juillet 2014","robots":{"index":"index","follow":"follow","max-snippet":"max-snippet:-1","max-image-preview":"max-image-preview:large","max-video-preview":"max-video-preview:-1"},"canonical":"https:\/\/www.sucesores.es\/fr\/politique-en-matiere-de-cookies\/","og_locale":"fr_FR","og_type":"article","og_title":"Politique en mati\u00e8re de cookies","og_description":"Politique de cookies, conform\u00e9ment \u00e0 la directive europ\u00e9enne de 2009 et \u00e0 l\u2019article 22 de la loi 34\/2002 du 11 juillet 2014","og_url":"https:\/\/www.sucesores.es\/fr\/politique-en-matiere-de-cookies\/","og_site_name":"Sucesores de Cumbres Mayores","article_modified_time":"2024-01-31T16:07:27+00:00","og_image":[{"width":696,"height":768,"url":"https:\/\/www.sucesores.es\/http:\/\/www.sucesores.es\/wp-content\/uploads\/2023\/09\/sello_1.png","type":"image\/png"}],"twitter_card":"summary_large_image","twitter_misc":{"Dur\u00e9e de lecture estim\u00e9e":"5 minutes"},"schema":{"@context":"https:\/\/schema.org","@graph":[{"@type":"WebPage","@id":"https:\/\/www.sucesores.es\/fr\/politique-en-matiere-de-cookies\/","url":"https:\/\/www.sucesores.es\/fr\/politique-en-matiere-de-cookies\/","name":"Politique en mati\u00e8re de cookies - Sucesores de Cumbres Mayores","isPartOf":{"@id":"http:\/\/192.168.7.7:8081\/#website"},"primaryImageOfPage":{"@id":"https:\/\/www.sucesores.es\/fr\/politique-en-matiere-de-cookies\/#primaryimage"},"image":{"@id":"https:\/\/www.sucesores.es\/fr\/politique-en-matiere-de-cookies\/#primaryimage"},"thumbnailUrl":"https:\/\/www.sucesores.es\/wp-content\/uploads\/2023\/09\/sello_1.png","datePublished":"2023-08-18T12:55:05+00:00","dateModified":"2024-01-31T16:07:27+00:00","description":"Politique de cookies, conform\u00e9ment \u00e0 la directive europ\u00e9enne de 2009 et \u00e0 l\u2019article 22 de la loi 34\/2002 du 11 juillet 2014","breadcrumb":{"@id":"https:\/\/www.sucesores.es\/fr\/politique-en-matiere-de-cookies\/#breadcrumb"},"inLanguage":"fr-FR","potentialAction":[{"@type":"ReadAction","target":["https:\/\/www.sucesores.es\/fr\/politique-en-matiere-de-cookies\/"]}]},{"@type":"ImageObject","inLanguage":"fr-FR","@id":"https:\/\/www.sucesores.es\/fr\/politique-en-matiere-de-cookies\/#primaryimage","url":"https:\/\/www.sucesores.es\/wp-content\/uploads\/2023\/09\/sello_1.png","contentUrl":"https:\/\/www.sucesores.es\/wp-content\/uploads\/2023\/09\/sello_1.png","width":696,"height":768,"caption":"Cochinita pibil. Sucesores de Cumbres Mayores"},{"@type":"BreadcrumbList","@id":"https:\/\/www.sucesores.es\/fr\/politique-en-matiere-de-cookies\/#breadcrumb","itemListElement":[{"@type":"ListItem","position":1,"name":"Portada","item":"https:\/\/www.sucesores.es\/fr\/inicio\/"},{"@type":"ListItem","position":2,"name":"Politique en mati\u00e8re de cookies"}]},{"@type":"WebSite","@id":"http:\/\/192.168.7.7:8081\/#website","url":"http:\/\/192.168.7.7:8081\/","name":"Sucesores de Cumbres Mayores","description":"","publisher":{"@id":"http:\/\/192.168.7.7:8081\/#organization"},"alternateName":"Sucesores","potentialAction":[{"@type":"SearchAction","target":{"@type":"EntryPoint","urlTemplate":"http:\/\/192.168.7.7:8081\/?s={search_term_string}"},"query-input":{"@type":"PropertyValueSpecification","valueRequired":true,"valueName":"search_term_string"}}],"inLanguage":"fr-FR"},{"@type":"Organization","@id":"http:\/\/192.168.7.7:8081\/#organization","name":"Sucesores de Cumbres Mayores","alternateName":"Sucesores","url":"http:\/\/192.168.7.7:8081\/","logo":{"@type":"ImageObject","inLanguage":"fr-FR","@id":"http:\/\/192.168.7.7:8081\/#\/schema\/logo\/image\/","url":"https:\/\/www.sucesores.es\/wp-content\/uploads\/2023\/08\/logo-menu-400.png","contentUrl":"https:\/\/www.sucesores.es\/wp-content\/uploads\/2023\/08\/logo-menu-400.png","width":400,"height":293,"caption":"Sucesores de Cumbres Mayores"},"image":{"@id":"http:\/\/192.168.7.7:8081\/#\/schema\/logo\/image\/"}}]}},"_links":{"self":[{"href":"https:\/\/www.sucesores.es\/fr\/wp-json\/wp\/v2\/pages\/4772","targetHints":{"allow":["GET"]}}],"collection":[{"href":"https:\/\/www.sucesores.es\/fr\/wp-json\/wp\/v2\/pages"}],"about":[{"href":"https:\/\/www.sucesores.es\/fr\/wp-json\/wp\/v2\/types\/page"}],"author":[{"embeddable":true,"href":"https:\/\/www.sucesores.es\/fr\/wp-json\/wp\/v2\/users\/1"}],"replies":[{"embeddable":true,"href":"https:\/\/www.sucesores.es\/fr\/wp-json\/wp\/v2\/comments?post=4772"}],"version-history":[{"count":2,"href":"https:\/\/www.sucesores.es\/fr\/wp-json\/wp\/v2\/pages\/4772\/revisions"}],"predecessor-version":[{"id":4779,"href":"https:\/\/www.sucesores.es\/fr\/wp-json\/wp\/v2\/pages\/4772\/revisions\/4779"}],"wp:featuredmedia":[{"embeddable":true,"href":"https:\/\/www.sucesores.es\/fr\/wp-json\/wp\/v2\/media\/3551"}],"wp:attachment":[{"href":"https:\/\/www.sucesores.es\/fr\/wp-json\/wp\/v2\/media?parent=4772"}],"curies":[{"name":"wp","href":"https:\/\/api.w.org\/{rel}","templated":true}]}}