{"id":4829,"date":"2023-08-18T13:40:59","date_gmt":"2023-08-18T11:40:59","guid":{"rendered":"https:\/\/www.sucesores.es\/marques\/"},"modified":"2024-11-28T12:53:36","modified_gmt":"2024-11-28T11:53:36","slug":"marques","status":"publish","type":"page","link":"https:\/\/www.sucesores.es\/fr\/marques\/","title":{"rendered":"Marques"},"content":{"rendered":"\t\t<div data-elementor-type=\"wp-page\" data-elementor-id=\"4829\" class=\"elementor elementor-4829 elementor-526\" data-elementor-post-type=\"page\">\n\t\t\t\t<div class=\"elementor-element elementor-element-133ce94 e-con-full e-flex parallax_section_no qode_elementor_container_no e-con e-parent\" data-id=\"133ce94\" data-element_type=\"container\">\n\t\t<div class=\"elementor-element elementor-element-ff1a467 e-con-full e-flex parallax_section_no qode_elementor_container_no e-con e-child\" data-id=\"ff1a467\" data-element_type=\"container\">\n\t\t\t\t<div class=\"elementor-element elementor-element-492f521 e-transform elementor-widget elementor-widget-image\" data-id=\"492f521\" data-element_type=\"widget\" data-settings=\"{&quot;_transform_scale_effect&quot;:{&quot;unit&quot;:&quot;px&quot;,&quot;size&quot;:1.2,&quot;sizes&quot;:[]},&quot;_transform_scale_effect_tablet&quot;:{&quot;unit&quot;:&quot;px&quot;,&quot;size&quot;:&quot;&quot;,&quot;sizes&quot;:[]},&quot;_transform_scale_effect_mobile&quot;:{&quot;unit&quot;:&quot;px&quot;,&quot;size&quot;:&quot;&quot;,&quot;sizes&quot;:[]}}\" data-widget_type=\"image.default\">\n\t\t\t\t<div class=\"elementor-widget-container\">\n\t\t\t\t\t\t\t\t\t\t\t\t\t\t\t<img fetchpriority=\"high\" decoding=\"async\" width=\"1280\" height=\"820\" src=\"https:\/\/www.sucesores.es\/wp-content\/uploads\/2024\/10\/WhatsApp-Image-2024-10-08-at-11.15.00.jpeg\" class=\"attachment-full size-full wp-image-9722\" alt=\"\" srcset=\"https:\/\/www.sucesores.es\/wp-content\/uploads\/2024\/10\/WhatsApp-Image-2024-10-08-at-11.15.00.jpeg 1280w, https:\/\/www.sucesores.es\/wp-content\/uploads\/2024\/10\/WhatsApp-Image-2024-10-08-at-11.15.00-300x192.jpeg 300w, https:\/\/www.sucesores.es\/wp-content\/uploads\/2024\/10\/WhatsApp-Image-2024-10-08-at-11.15.00-1024x656.jpeg 1024w, https:\/\/www.sucesores.es\/wp-content\/uploads\/2024\/10\/WhatsApp-Image-2024-10-08-at-11.15.00-768x492.jpeg 768w, https:\/\/www.sucesores.es\/wp-content\/uploads\/2024\/10\/WhatsApp-Image-2024-10-08-at-11.15.00-700x448.jpeg 700w, https:\/\/www.sucesores.es\/wp-content\/uploads\/2024\/10\/WhatsApp-Image-2024-10-08-at-11.15.00-600x384.jpeg 600w\" sizes=\"(max-width: 1280px) 100vw, 1280px\" \/>\t\t\t\t\t\t\t\t\t\t\t\t\t\t\t<\/div>\n\t\t\t\t<\/div>\n\t\t\t\t<\/div>\n\t\t\t\t<\/div>\n\t\t<div class=\"elementor-element elementor-element-de5f49c e-flex e-con-boxed parallax_section_no qode_elementor_container_no e-con e-parent\" data-id=\"de5f49c\" data-element_type=\"container\">\n\t\t\t\t\t<div class=\"e-con-inner\">\n\t\t<div class=\"elementor-element elementor-element-ea21139 e-flex e-con-boxed parallax_section_no qode_elementor_container_no e-con e-child\" data-id=\"ea21139\" data-element_type=\"container\">\n\t\t\t\t\t<div class=\"e-con-inner\">\n\t\t\t\t<div class=\"elementor-element elementor-element-9832413 elementor-widget elementor-widget-heading\" data-id=\"9832413\" data-element_type=\"widget\" data-widget_type=\"heading.default\">\n\t\t\t\t<div class=\"elementor-widget-container\">\n\t\t\t\t\t<h1 class=\"elementor-heading-title elementor-size-default\">Marques<\/h1>\t\t\t\t<\/div>\n\t\t\t\t<\/div>\n\t\t\t\t<div class=\"elementor-element elementor-element-72cd6c9 elementor-widget elementor-widget-text-editor\" data-id=\"72cd6c9\" data-element_type=\"widget\" data-widget_type=\"text-editor.default\">\n\t\t\t\t<div class=\"elementor-widget-container\">\n\t\t\t\t\t\t\t\t\t<p style=\"text-align: left;\"><strong>Sucesores de Cumbres Mayores<\/strong> poss\u00e8de trois marques principales : <strong><em>Arrachera<span style=\"font-size: 12px; vertical-align: super;\">\u00ae<\/span><\/em><\/strong>, <strong><em>Don Pastor<span style=\"font-size: 12px; vertical-align: super;\">\u00ae<\/span><\/em><\/strong> et <strong><em>Kan-K\u00fan<span style=\"font-size: 12px; vertical-align: super;\">\u00ae<\/span><\/em><\/strong> qui proposent des produits bas\u00e9s sur la tradition et la qualit\u00e9 de la cuisine mexicaine.<\/p>\n\n<ul>\n \t<li style=\"text-align: left;\"><strong>Arrachera<\/strong> est sp\u00e9cialis\u00e9 dans les viandes marin\u00e9es, r\u00e9put\u00e9es pour leur saveur et leur tendret\u00e9, parfaites pour les barbecues.<\/li>\n \t<li style=\"text-align: left;\"><strong>Don Pastor<\/strong> se distingue par la production de tacos al pastor, un produit embl\u00e9matique de la gastronomie mexicaine, avec la saveur authentique des meilleurs \u00ab\u00a0trompos\u00a0\u00bb. Ces marques allient l&rsquo;innovation \u00e0 un profond respect de la tradition.<\/li>\n \t<li style=\"text-align: left;\"><strong>Kan-K\u00fan<\/strong> est c\u00e9l\u00e8bre pour sa cochinita pibil et d&rsquo;autres plats authentiques, pr\u00e9par\u00e9s selon des recettes traditionnelles et con\u00e7us pour offrir le go\u00fbt authentique du Yucat\u00e1n.<\/li>\n<\/ul>\t\t\t\t\t\t\t\t<\/div>\n\t\t\t\t<\/div>\n\t\t\t\t\t<\/div>\n\t\t\t\t<\/div>\n\t\t\t\t\t<\/div>\n\t\t\t\t<\/div>\n\t\t<div class=\"elementor-element elementor-element-dffec42 e-flex e-con-boxed parallax_section_no qode_elementor_container_no e-con e-parent\" data-id=\"dffec42\" data-element_type=\"container\">\n\t\t\t\t\t<div class=\"e-con-inner\">\n\t\t<div class=\"elementor-element elementor-element-24a7ca3 e-con-full e-flex parallax_section_no qode_elementor_container_no e-con e-child\" data-id=\"24a7ca3\" data-element_type=\"container\">\n\t\t\t\t<div class=\"elementor-element elementor-element-c593643 elementor-widget__width-initial elementor-invisible elementor-widget elementor-widget-image\" data-id=\"c593643\" data-element_type=\"widget\" data-settings=\"{&quot;_animation&quot;:&quot;slideInDown&quot;}\" data-widget_type=\"image.default\">\n\t\t\t\t<div class=\"elementor-widget-container\">\n\t\t\t\t\t\t\t\t\t\t\t\t\t\t\t\t<a href=\"\/fr\/marques\/arrachera\/\">\n\t\t\t\t\t\t\t<img decoding=\"async\" src=\"https:\/\/www.sucesores.es\/wp-content\/uploads\/elementor\/thumbs\/arrachera-logo-qvioqs2isaox95vsrjzmd9cfnbdjkilcpos7we2ot0.png\" title=\"arrachera-logo\" alt=\"arrachera-logo\" class=\"elementor-animation-grow\" loading=\"lazy\" \/>\t\t\t\t\t\t\t\t<\/a>\n\t\t\t\t\t\t\t\t\t\t\t\t\t\t\t<\/div>\n\t\t\t\t<\/div>\n\t\t\t\t<\/div>\n\t\t<div class=\"elementor-element elementor-element-c4bbbd7 e-con-full e-flex parallax_section_no qode_elementor_container_no e-con e-child\" data-id=\"c4bbbd7\" data-element_type=\"container\">\n\t\t\t\t<div class=\"elementor-element elementor-element-daa5bc6 elementor-widget__width-initial elementor-invisible elementor-widget elementor-widget-image\" data-id=\"daa5bc6\" data-element_type=\"widget\" data-settings=\"{&quot;_animation&quot;:&quot;slideInDown&quot;}\" data-widget_type=\"image.default\">\n\t\t\t\t<div class=\"elementor-widget-container\">\n\t\t\t\t\t\t\t\t\t\t\t\t\t\t\t\t<a href=\"\/fr\/marques\/don-pastor\/\">\n\t\t\t\t\t\t\t<img decoding=\"async\" src=\"https:\/\/www.sucesores.es\/wp-content\/uploads\/elementor\/thumbs\/don-pastor-logo-qvioqs2isaox95vsrjzmd9cfnbdjkilcpos7we2ot0.png\" title=\"don-pastor-logo\" alt=\"don-pastor-logo\" class=\"elementor-animation-grow\" loading=\"lazy\" \/>\t\t\t\t\t\t\t\t<\/a>\n\t\t\t\t\t\t\t\t\t\t\t\t\t\t\t<\/div>\n\t\t\t\t<\/div>\n\t\t\t\t<\/div>\n\t\t<div class=\"elementor-element elementor-element-cf1b157 e-con-full e-flex parallax_section_no qode_elementor_container_no e-con e-child\" data-id=\"cf1b157\" data-element_type=\"container\">\n\t\t\t\t<div class=\"elementor-element elementor-element-3c9c294 elementor-widget__width-initial elementor-invisible elementor-widget elementor-widget-image\" data-id=\"3c9c294\" data-element_type=\"widget\" data-settings=\"{&quot;_animation&quot;:&quot;slideInDown&quot;}\" data-widget_type=\"image.default\">\n\t\t\t\t<div class=\"elementor-widget-container\">\n\t\t\t\t\t\t\t\t\t\t\t\t\t\t\t\t<a href=\"\/fr\/marques\/kan-kun\/\">\n\t\t\t\t\t\t\t<img decoding=\"async\" src=\"https:\/\/www.sucesores.es\/wp-content\/uploads\/elementor\/thumbs\/kan-kun-logo-qvioqs2isaox95vsrjzmd9cfnbdjkilcpos7we2ot0.png\" title=\"kan-kun-logo\" alt=\"kan-kun-logo\" class=\"elementor-animation-grow\" loading=\"lazy\" \/>\t\t\t\t\t\t\t\t<\/a>\n\t\t\t\t\t\t\t\t\t\t\t\t\t\t\t<\/div>\n\t\t\t\t<\/div>\n\t\t\t\t<\/div>\n\t\t\t\t\t<\/div>\n\t\t\t\t<\/div>\n\t\t<div class=\"elementor-element elementor-element-dc49dc8 e-flex e-con-boxed parallax_section_no qode_elementor_container_no e-con e-parent\" data-id=\"dc49dc8\" data-element_type=\"container\">\n\t\t\t\t\t<div class=\"e-con-inner\">\n\t\t\t\t<div class=\"elementor-element elementor-element-fba6aba elementor-align-center elementor-widget elementor-widget-button\" data-id=\"fba6aba\" data-element_type=\"widget\" data-widget_type=\"button.default\">\n\t\t\t\t<div class=\"elementor-widget-container\">\n\t\t\t\t\t\t\t\t\t<div class=\"elementor-button-wrapper\">\n\t\t\t\t\t<a class=\"elementor-button elementor-button-link elementor-size-sm\" href=\"\/fr\/contact\/\">\n\t\t\t\t\t\t<span class=\"elementor-button-content-wrapper\">\n\t\t\t\t\t\t\t\t\t<span class=\"elementor-button-text\">Demandez plus d'informations<\/span>\n\t\t\t\t\t<\/span>\n\t\t\t\t\t<\/a>\n\t\t\t\t<\/div>\n\t\t\t\t\t\t\t\t<\/div>\n\t\t\t\t<\/div>\n\t\t\t\t\t<\/div>\n\t\t\t\t<\/div>\n\t\t\t\t<\/div>\n\t\t","protected":false},"excerpt":{"rendered":"<p>Marques Sucesores de Cumbres Mayores poss\u00e8de trois marques principales : Arrachera\u00ae, Don Pastor\u00ae et Kan-K\u00fan\u00ae qui proposent des produits bas\u00e9s sur la tradition et la qualit\u00e9 de la cuisine mexicaine. Arrachera est sp\u00e9cialis\u00e9 dans les viandes marin\u00e9es, r\u00e9put\u00e9es pour leur saveur et leur tendret\u00e9, parfaites&#8230;<\/p>\n","protected":false},"author":4,"featured_media":9882,"parent":0,"menu_order":0,"comment_status":"closed","ping_status":"closed","template":"full_width.php","meta":{"footnotes":""},"class_list":["post-4829","page","type-page","status-publish","has-post-thumbnail","hentry"],"yoast_head":"<!-- This site is optimized with the Yoast SEO Premium plugin v26.1 (Yoast SEO v26.2) - https:\/\/yoast.com\/wordpress\/plugins\/seo\/ -->\n<title>Marques Sucesores de Cumbres Mayores<\/title>\n<meta name=\"description\" content=\"Sucesores poss\u00e8de trois marques principales : Arrachera, Don Pastor et Kan-k\u00fan, qui proposent des produits bas\u00e9s sur la tradition et la qualit\u00e9 de la cuisine mexicaine.\" \/>\n<meta name=\"robots\" content=\"index, follow, max-snippet:-1, max-image-preview:large, max-video-preview:-1\" \/>\n<link rel=\"canonical\" href=\"https:\/\/www.sucesores.es\/fr\/marques\/\" \/>\n<meta property=\"og:locale\" content=\"fr_FR\" \/>\n<meta property=\"og:type\" content=\"article\" \/>\n<meta property=\"og:title\" content=\"Marques Sucesores de Cumbres Mayores\" \/>\n<meta property=\"og:description\" content=\"Sucesores poss\u00e8de trois marques : Arrachera, Don Pastor et Kan-k\u00fan, qui proposent des produits bas\u00e9s sur la tradition et la qualit\u00e9 de la cuisine mexicaine.\" \/>\n<meta property=\"og:url\" content=\"https:\/\/www.sucesores.es\/fr\/marques\/\" \/>\n<meta property=\"og:site_name\" content=\"Sucesores de Cumbres Mayores\" \/>\n<meta property=\"article:modified_time\" content=\"2024-11-28T11:53:36+00:00\" \/>\n<meta property=\"og:image\" content=\"https:\/\/www.sucesores.es\/http:\/\/www.sucesores.es\/wp-content\/uploads\/2024\/10\/WhatsApp-Image-2024-10-08-at-11.13.49-1024x656.jpeg\" \/>\n<meta name=\"twitter:card\" content=\"summary_large_image\" \/>\n<meta name=\"twitter:title\" content=\"Marques\" \/>\n<meta name=\"twitter:label1\" content=\"Dur\u00e9e de lecture estim\u00e9e\" \/>\n\t<meta name=\"twitter:data1\" content=\"2 minutes\" \/>\n<script type=\"application\/ld+json\" class=\"yoast-schema-graph\">{\"@context\":\"https:\/\/schema.org\",\"@graph\":[{\"@type\":\"WebPage\",\"@id\":\"https:\/\/www.sucesores.es\/fr\/marques\/\",\"url\":\"https:\/\/www.sucesores.es\/fr\/marques\/\",\"name\":\"Marques Sucesores de Cumbres Mayores\",\"isPartOf\":{\"@id\":\"http:\/\/192.168.7.7:8081\/#website\"},\"primaryImageOfPage\":{\"@id\":\"https:\/\/www.sucesores.es\/fr\/marques\/#primaryimage\"},\"image\":{\"@id\":\"https:\/\/www.sucesores.es\/fr\/marques\/#primaryimage\"},\"thumbnailUrl\":\"https:\/\/www.sucesores.es\/wp-content\/uploads\/2024\/10\/WhatsApp-Image-2024-10-08-at-11.13.49.jpeg\",\"datePublished\":\"2023-08-18T11:40:59+00:00\",\"dateModified\":\"2024-11-28T11:53:36+00:00\",\"description\":\"Sucesores poss\u00e8de trois marques principales : Arrachera, Don Pastor et Kan-k\u00fan, qui proposent des produits bas\u00e9s sur la tradition et la qualit\u00e9 de la cuisine mexicaine.\",\"breadcrumb\":{\"@id\":\"https:\/\/www.sucesores.es\/fr\/marques\/#breadcrumb\"},\"inLanguage\":\"fr-FR\",\"potentialAction\":[{\"@type\":\"ReadAction\",\"target\":[\"https:\/\/www.sucesores.es\/fr\/marques\/\"]}]},{\"@type\":\"ImageObject\",\"inLanguage\":\"fr-FR\",\"@id\":\"https:\/\/www.sucesores.es\/fr\/marques\/#primaryimage\",\"url\":\"https:\/\/www.sucesores.es\/wp-content\/uploads\/2024\/10\/WhatsApp-Image-2024-10-08-at-11.13.49.jpeg\",\"contentUrl\":\"https:\/\/www.sucesores.es\/wp-content\/uploads\/2024\/10\/WhatsApp-Image-2024-10-08-at-11.13.49.jpeg\",\"width\":1280,\"height\":820},{\"@type\":\"BreadcrumbList\",\"@id\":\"https:\/\/www.sucesores.es\/fr\/marques\/#breadcrumb\",\"itemListElement\":[{\"@type\":\"ListItem\",\"position\":1,\"name\":\"Portada\",\"item\":\"https:\/\/www.sucesores.es\/fr\/inicio\/\"},{\"@type\":\"ListItem\",\"position\":2,\"name\":\"Marques\"}]},{\"@type\":\"WebSite\",\"@id\":\"http:\/\/192.168.7.7:8081\/#website\",\"url\":\"http:\/\/192.168.7.7:8081\/\",\"name\":\"Sucesores de Cumbres Mayores\",\"description\":\"\",\"publisher\":{\"@id\":\"http:\/\/192.168.7.7:8081\/#organization\"},\"alternateName\":\"Sucesores\",\"potentialAction\":[{\"@type\":\"SearchAction\",\"target\":{\"@type\":\"EntryPoint\",\"urlTemplate\":\"http:\/\/192.168.7.7:8081\/?s={search_term_string}\"},\"query-input\":{\"@type\":\"PropertyValueSpecification\",\"valueRequired\":true,\"valueName\":\"search_term_string\"}}],\"inLanguage\":\"fr-FR\"},{\"@type\":\"Organization\",\"@id\":\"http:\/\/192.168.7.7:8081\/#organization\",\"name\":\"Sucesores de Cumbres Mayores\",\"alternateName\":\"Sucesores\",\"url\":\"http:\/\/192.168.7.7:8081\/\",\"logo\":{\"@type\":\"ImageObject\",\"inLanguage\":\"fr-FR\",\"@id\":\"http:\/\/192.168.7.7:8081\/#\/schema\/logo\/image\/\",\"url\":\"https:\/\/www.sucesores.es\/wp-content\/uploads\/2023\/08\/logo-menu-400.png\",\"contentUrl\":\"https:\/\/www.sucesores.es\/wp-content\/uploads\/2023\/08\/logo-menu-400.png\",\"width\":400,\"height\":293,\"caption\":\"Sucesores de Cumbres Mayores\"},\"image\":{\"@id\":\"http:\/\/192.168.7.7:8081\/#\/schema\/logo\/image\/\"}}]}<\/script>\n<!-- \/ Yoast SEO Premium plugin. -->","yoast_head_json":{"title":"Marques Sucesores de Cumbres Mayores","description":"Sucesores poss\u00e8de trois marques principales : Arrachera, Don Pastor et Kan-k\u00fan, qui proposent des produits bas\u00e9s sur la tradition et la qualit\u00e9 de la cuisine mexicaine.","robots":{"index":"index","follow":"follow","max-snippet":"max-snippet:-1","max-image-preview":"max-image-preview:large","max-video-preview":"max-video-preview:-1"},"canonical":"https:\/\/www.sucesores.es\/fr\/marques\/","og_locale":"fr_FR","og_type":"article","og_title":"Marques Sucesores de Cumbres Mayores","og_description":"Sucesores poss\u00e8de trois marques : Arrachera, Don Pastor et Kan-k\u00fan, qui proposent des produits bas\u00e9s sur la tradition et la qualit\u00e9 de la cuisine mexicaine.","og_url":"https:\/\/www.sucesores.es\/fr\/marques\/","og_site_name":"Sucesores de Cumbres Mayores","article_modified_time":"2024-11-28T11:53:36+00:00","og_image":[{"url":"https:\/\/www.sucesores.es\/http:\/\/www.sucesores.es\/wp-content\/uploads\/2024\/10\/WhatsApp-Image-2024-10-08-at-11.13.49-1024x656.jpeg","type":"","width":"","height":""}],"twitter_card":"summary_large_image","twitter_title":"Marques","twitter_misc":{"Dur\u00e9e de lecture estim\u00e9e":"2 minutes"},"schema":{"@context":"https:\/\/schema.org","@graph":[{"@type":"WebPage","@id":"https:\/\/www.sucesores.es\/fr\/marques\/","url":"https:\/\/www.sucesores.es\/fr\/marques\/","name":"Marques Sucesores de Cumbres Mayores","isPartOf":{"@id":"http:\/\/192.168.7.7:8081\/#website"},"primaryImageOfPage":{"@id":"https:\/\/www.sucesores.es\/fr\/marques\/#primaryimage"},"image":{"@id":"https:\/\/www.sucesores.es\/fr\/marques\/#primaryimage"},"thumbnailUrl":"https:\/\/www.sucesores.es\/wp-content\/uploads\/2024\/10\/WhatsApp-Image-2024-10-08-at-11.13.49.jpeg","datePublished":"2023-08-18T11:40:59+00:00","dateModified":"2024-11-28T11:53:36+00:00","description":"Sucesores poss\u00e8de trois marques principales : Arrachera, Don Pastor et Kan-k\u00fan, qui proposent des produits bas\u00e9s sur la tradition et la qualit\u00e9 de la cuisine mexicaine.","breadcrumb":{"@id":"https:\/\/www.sucesores.es\/fr\/marques\/#breadcrumb"},"inLanguage":"fr-FR","potentialAction":[{"@type":"ReadAction","target":["https:\/\/www.sucesores.es\/fr\/marques\/"]}]},{"@type":"ImageObject","inLanguage":"fr-FR","@id":"https:\/\/www.sucesores.es\/fr\/marques\/#primaryimage","url":"https:\/\/www.sucesores.es\/wp-content\/uploads\/2024\/10\/WhatsApp-Image-2024-10-08-at-11.13.49.jpeg","contentUrl":"https:\/\/www.sucesores.es\/wp-content\/uploads\/2024\/10\/WhatsApp-Image-2024-10-08-at-11.13.49.jpeg","width":1280,"height":820},{"@type":"BreadcrumbList","@id":"https:\/\/www.sucesores.es\/fr\/marques\/#breadcrumb","itemListElement":[{"@type":"ListItem","position":1,"name":"Portada","item":"https:\/\/www.sucesores.es\/fr\/inicio\/"},{"@type":"ListItem","position":2,"name":"Marques"}]},{"@type":"WebSite","@id":"http:\/\/192.168.7.7:8081\/#website","url":"http:\/\/192.168.7.7:8081\/","name":"Sucesores de Cumbres Mayores","description":"","publisher":{"@id":"http:\/\/192.168.7.7:8081\/#organization"},"alternateName":"Sucesores","potentialAction":[{"@type":"SearchAction","target":{"@type":"EntryPoint","urlTemplate":"http:\/\/192.168.7.7:8081\/?s={search_term_string}"},"query-input":{"@type":"PropertyValueSpecification","valueRequired":true,"valueName":"search_term_string"}}],"inLanguage":"fr-FR"},{"@type":"Organization","@id":"http:\/\/192.168.7.7:8081\/#organization","name":"Sucesores de Cumbres Mayores","alternateName":"Sucesores","url":"http:\/\/192.168.7.7:8081\/","logo":{"@type":"ImageObject","inLanguage":"fr-FR","@id":"http:\/\/192.168.7.7:8081\/#\/schema\/logo\/image\/","url":"https:\/\/www.sucesores.es\/wp-content\/uploads\/2023\/08\/logo-menu-400.png","contentUrl":"https:\/\/www.sucesores.es\/wp-content\/uploads\/2023\/08\/logo-menu-400.png","width":400,"height":293,"caption":"Sucesores de Cumbres Mayores"},"image":{"@id":"http:\/\/192.168.7.7:8081\/#\/schema\/logo\/image\/"}}]}},"_links":{"self":[{"href":"https:\/\/www.sucesores.es\/fr\/wp-json\/wp\/v2\/pages\/4829","targetHints":{"allow":["GET"]}}],"collection":[{"href":"https:\/\/www.sucesores.es\/fr\/wp-json\/wp\/v2\/pages"}],"about":[{"href":"https:\/\/www.sucesores.es\/fr\/wp-json\/wp\/v2\/types\/page"}],"author":[{"embeddable":true,"href":"https:\/\/www.sucesores.es\/fr\/wp-json\/wp\/v2\/users\/4"}],"replies":[{"embeddable":true,"href":"https:\/\/www.sucesores.es\/fr\/wp-json\/wp\/v2\/comments?post=4829"}],"version-history":[{"count":16,"href":"https:\/\/www.sucesores.es\/fr\/wp-json\/wp\/v2\/pages\/4829\/revisions"}],"predecessor-version":[{"id":10798,"href":"https:\/\/www.sucesores.es\/fr\/wp-json\/wp\/v2\/pages\/4829\/revisions\/10798"}],"wp:featuredmedia":[{"embeddable":true,"href":"https:\/\/www.sucesores.es\/fr\/wp-json\/wp\/v2\/media\/9882"}],"wp:attachment":[{"href":"https:\/\/www.sucesores.es\/fr\/wp-json\/wp\/v2\/media?parent=4829"}],"curies":[{"name":"wp","href":"https:\/\/api.w.org\/{rel}","templated":true}]}}