{"id":12850,"date":"2024-10-26T20:10:54","date_gmt":"2024-10-26T18:10:54","guid":{"rendered":"https:\/\/www.sucesores.es\/producto\/restauration\/"},"modified":"2024-10-26T20:10:54","modified_gmt":"2024-10-26T18:10:54","slug":"restauration","status":"publish","type":"product","link":"https:\/\/www.sucesores.es\/fr\/produit\/restauration\/","title":{"rendered":"Restauration"},"content":{"rendered":"<p><img decoding=\"async\" class=\"aligncenter\" src=\"https:\/\/www.sucesores.es\/wp-content\/plugins\/woocommerce-bookings\/dist\/images\/product-templates\/product-1.png\" width=\"400\"><\/p>\n<div class=\"accordion_content ui-accordion-content ui-helper-reset ui-widget-content ui-corner-bottom ui-accordion-content-active\">\n<div class=\"accordion_content_inner\">\n<p><strong>Profitez de notre service de restauration sp\u00e9cialis\u00e9<\/strong><\/p>\n<p>Notre service de restauration propose trois options uniques pour votre \u00e9v\u00e9nement : <strong>tacos<\/strong>, <strong>mini-burgers<\/strong> ou une combinaison <strong>des<\/strong> deux.<\/p>\n<p>Avec des ingr\u00e9dients frais et de haute qualit\u00e9, chaque option est parfaite pour les f\u00eates de famille, les \u00e9v\u00e9nements d&rsquo;entreprise ou les r\u00e9unions priv\u00e9es.<\/p>\n<p>Les tacos comprennent une s\u00e9lection de garnitures et de sauces pour tous les go\u00fbts, tandis que les mini-burgers sont id\u00e9aux pour une bouch\u00e9e savoureuse et facile \u00e0 d\u00e9guster.<\/p>\n<p>Choisissez l&rsquo;option qui convient le mieux \u00e0 votre \u00e9v\u00e9nement pour une exp\u00e9rience gastronomique m\u00e9morable.<\/p>\n<\/div>\n<\/div>\n","protected":false},"excerpt":{"rendered":"<p>Vous r\u00e9servez des visites quotidiennes pour une activit\u00e9 ? C&rsquo;est votre point de d\u00e9part. Vous pouvez r\u00e9server des circuits dont les co\u00fbts et les types d&rsquo;invit\u00e9s varient.  <\/p>\n","protected":false},"featured_media":0,"comment_status":"open","ping_status":"closed","template":"","meta":[],"product_brand":[],"product_cat":[142],"product_tag":[],"class_list":{"0":"post-12850","1":"product","2":"type-product","3":"status-publish","5":"product_cat-sin-categorizar","7":"first","8":"instock","9":"sold-individually","10":"taxable","11":"shipping-taxable","12":"purchasable","13":"product-type-booking"},"exclude_global_add_ons":false,"addons":[{"name":"Tipo de catering","type":"multiple_choice","position":0,"required":false,"title_format":"label","description_enable":false,"description":"","placeholder_enable":false,"placeholder":"","display":"select","restrictions_type":"any_text","adjust_price":false,"price":"","price_type":"flat_fee","restrictions":false,"min":0,"max":0,"options":[{"label":"Tacos","price":"","price_type":"flat_fee","image":0},{"label":"Mini hamburguesas","price":"","price_type":"flat_fee","image":0},{"label":"Mixto","price":"","price_type":"flat_fee","image":0}],"id":1729973899}],"yoast_head":"<!-- This site is optimized with the Yoast SEO Premium plugin v26.1 (Yoast SEO v26.2) - https:\/\/yoast.com\/wordpress\/plugins\/seo\/ -->\n<title>Restauration - Sucesores de Cumbres Mayores<\/title>\n<meta name=\"robots\" content=\"index, follow, max-snippet:-1, max-image-preview:large, max-video-preview:-1\" \/>\n<link rel=\"canonical\" href=\"https:\/\/www.sucesores.es\/fr\/produit\/restauration\/\" \/>\n<meta property=\"og:locale\" content=\"fr_FR\" \/>\n<meta property=\"og:type\" content=\"article\" \/>\n<meta property=\"og:title\" content=\"Restauration\" \/>\n<meta property=\"og:description\" content=\"Vous r\u00e9servez des visites quotidiennes pour une activit\u00e9 ? C&#039;est votre point de d\u00e9part. Vous pouvez r\u00e9server des circuits dont les co\u00fbts et les types d&#039;invit\u00e9s varient.\" \/>\n<meta property=\"og:url\" content=\"https:\/\/www.sucesores.es\/fr\/produit\/restauration\/\" \/>\n<meta property=\"og:site_name\" content=\"Sucesores de Cumbres Mayores\" \/>\n<meta property=\"og:image\" content=\"https:\/\/www.sucesores.es\/wp-content\/plugins\/woocommerce-bookings\/dist\/images\/product-templates\/product-1.png\" \/>\n<meta name=\"twitter:card\" content=\"summary_large_image\" \/>\n<meta name=\"twitter:label1\" content=\"Dur\u00e9e de lecture estim\u00e9e\" \/>\n\t<meta name=\"twitter:data1\" content=\"1 minute\" \/>\n<script type=\"application\/ld+json\" class=\"yoast-schema-graph\">{\"@context\":\"https:\/\/schema.org\",\"@graph\":[{\"@type\":\"WebPage\",\"@id\":\"https:\/\/www.sucesores.es\/fr\/produit\/restauration\/\",\"url\":\"https:\/\/www.sucesores.es\/fr\/produit\/restauration\/\",\"name\":\"Restauration - Sucesores de Cumbres Mayores\",\"isPartOf\":{\"@id\":\"http:\/\/192.168.7.7:8081\/#website\"},\"primaryImageOfPage\":{\"@id\":\"https:\/\/www.sucesores.es\/fr\/produit\/restauration\/#primaryimage\"},\"image\":{\"@id\":\"https:\/\/www.sucesores.es\/fr\/produit\/restauration\/#primaryimage\"},\"thumbnailUrl\":\"https:\/\/www.sucesores.es\/wp-content\/plugins\/woocommerce-bookings\/dist\/images\/product-templates\/product-1.png\",\"datePublished\":\"2024-10-26T18:10:54+00:00\",\"breadcrumb\":{\"@id\":\"https:\/\/www.sucesores.es\/fr\/produit\/restauration\/#breadcrumb\"},\"inLanguage\":\"fr-FR\",\"potentialAction\":[{\"@type\":\"ReadAction\",\"target\":[\"https:\/\/www.sucesores.es\/fr\/produit\/restauration\/\"]}]},{\"@type\":\"ImageObject\",\"inLanguage\":\"fr-FR\",\"@id\":\"https:\/\/www.sucesores.es\/fr\/produit\/restauration\/#primaryimage\",\"url\":\"https:\/\/www.sucesores.es\/wp-content\/plugins\/woocommerce-bookings\/dist\/images\/product-templates\/product-1.png\",\"contentUrl\":\"https:\/\/www.sucesores.es\/wp-content\/plugins\/woocommerce-bookings\/dist\/images\/product-templates\/product-1.png\"},{\"@type\":\"BreadcrumbList\",\"@id\":\"https:\/\/www.sucesores.es\/fr\/produit\/restauration\/#breadcrumb\",\"itemListElement\":[{\"@type\":\"ListItem\",\"position\":1,\"name\":\"Portada\",\"item\":\"https:\/\/www.sucesores.es\/fr\/inicio\/\"},{\"@type\":\"ListItem\",\"position\":2,\"name\":\"Produits\",\"item\":\"https:\/\/www.sucesores.es\/fr\/shop\/\"},{\"@type\":\"ListItem\",\"position\":3,\"name\":\"Restauration\"}]},{\"@type\":\"WebSite\",\"@id\":\"http:\/\/192.168.7.7:8081\/#website\",\"url\":\"http:\/\/192.168.7.7:8081\/\",\"name\":\"Sucesores de Cumbres Mayores\",\"description\":\"\",\"publisher\":{\"@id\":\"http:\/\/192.168.7.7:8081\/#organization\"},\"alternateName\":\"Sucesores\",\"potentialAction\":[{\"@type\":\"SearchAction\",\"target\":{\"@type\":\"EntryPoint\",\"urlTemplate\":\"http:\/\/192.168.7.7:8081\/?s={search_term_string}\"},\"query-input\":{\"@type\":\"PropertyValueSpecification\",\"valueRequired\":true,\"valueName\":\"search_term_string\"}}],\"inLanguage\":\"fr-FR\"},{\"@type\":\"Organization\",\"@id\":\"http:\/\/192.168.7.7:8081\/#organization\",\"name\":\"Sucesores de Cumbres Mayores\",\"alternateName\":\"Sucesores\",\"url\":\"http:\/\/192.168.7.7:8081\/\",\"logo\":{\"@type\":\"ImageObject\",\"inLanguage\":\"fr-FR\",\"@id\":\"http:\/\/192.168.7.7:8081\/#\/schema\/logo\/image\/\",\"url\":\"https:\/\/www.sucesores.es\/wp-content\/uploads\/2023\/08\/logo-menu-400.png\",\"contentUrl\":\"https:\/\/www.sucesores.es\/wp-content\/uploads\/2023\/08\/logo-menu-400.png\",\"width\":400,\"height\":293,\"caption\":\"Sucesores de Cumbres Mayores\"},\"image\":{\"@id\":\"http:\/\/192.168.7.7:8081\/#\/schema\/logo\/image\/\"}}]}<\/script>\n<!-- \/ Yoast SEO Premium plugin. -->","yoast_head_json":{"title":"Restauration - Sucesores de Cumbres Mayores","robots":{"index":"index","follow":"follow","max-snippet":"max-snippet:-1","max-image-preview":"max-image-preview:large","max-video-preview":"max-video-preview:-1"},"canonical":"https:\/\/www.sucesores.es\/fr\/produit\/restauration\/","og_locale":"fr_FR","og_type":"article","og_title":"Restauration","og_description":"Vous r\u00e9servez des visites quotidiennes pour une activit\u00e9 ? C'est votre point de d\u00e9part. Vous pouvez r\u00e9server des circuits dont les co\u00fbts et les types d'invit\u00e9s varient.","og_url":"https:\/\/www.sucesores.es\/fr\/produit\/restauration\/","og_site_name":"Sucesores de Cumbres Mayores","og_image":[{"url":"https:\/\/www.sucesores.es\/wp-content\/plugins\/woocommerce-bookings\/dist\/images\/product-templates\/product-1.png","type":"","width":"","height":""}],"twitter_card":"summary_large_image","twitter_misc":{"Dur\u00e9e de lecture estim\u00e9e":"1 minute"},"schema":{"@context":"https:\/\/schema.org","@graph":[{"@type":"WebPage","@id":"https:\/\/www.sucesores.es\/fr\/produit\/restauration\/","url":"https:\/\/www.sucesores.es\/fr\/produit\/restauration\/","name":"Restauration - Sucesores de Cumbres Mayores","isPartOf":{"@id":"http:\/\/192.168.7.7:8081\/#website"},"primaryImageOfPage":{"@id":"https:\/\/www.sucesores.es\/fr\/produit\/restauration\/#primaryimage"},"image":{"@id":"https:\/\/www.sucesores.es\/fr\/produit\/restauration\/#primaryimage"},"thumbnailUrl":"https:\/\/www.sucesores.es\/wp-content\/plugins\/woocommerce-bookings\/dist\/images\/product-templates\/product-1.png","datePublished":"2024-10-26T18:10:54+00:00","breadcrumb":{"@id":"https:\/\/www.sucesores.es\/fr\/produit\/restauration\/#breadcrumb"},"inLanguage":"fr-FR","potentialAction":[{"@type":"ReadAction","target":["https:\/\/www.sucesores.es\/fr\/produit\/restauration\/"]}]},{"@type":"ImageObject","inLanguage":"fr-FR","@id":"https:\/\/www.sucesores.es\/fr\/produit\/restauration\/#primaryimage","url":"https:\/\/www.sucesores.es\/wp-content\/plugins\/woocommerce-bookings\/dist\/images\/product-templates\/product-1.png","contentUrl":"https:\/\/www.sucesores.es\/wp-content\/plugins\/woocommerce-bookings\/dist\/images\/product-templates\/product-1.png"},{"@type":"BreadcrumbList","@id":"https:\/\/www.sucesores.es\/fr\/produit\/restauration\/#breadcrumb","itemListElement":[{"@type":"ListItem","position":1,"name":"Portada","item":"https:\/\/www.sucesores.es\/fr\/inicio\/"},{"@type":"ListItem","position":2,"name":"Produits","item":"https:\/\/www.sucesores.es\/fr\/shop\/"},{"@type":"ListItem","position":3,"name":"Restauration"}]},{"@type":"WebSite","@id":"http:\/\/192.168.7.7:8081\/#website","url":"http:\/\/192.168.7.7:8081\/","name":"Sucesores de Cumbres Mayores","description":"","publisher":{"@id":"http:\/\/192.168.7.7:8081\/#organization"},"alternateName":"Sucesores","potentialAction":[{"@type":"SearchAction","target":{"@type":"EntryPoint","urlTemplate":"http:\/\/192.168.7.7:8081\/?s={search_term_string}"},"query-input":{"@type":"PropertyValueSpecification","valueRequired":true,"valueName":"search_term_string"}}],"inLanguage":"fr-FR"},{"@type":"Organization","@id":"http:\/\/192.168.7.7:8081\/#organization","name":"Sucesores de Cumbres Mayores","alternateName":"Sucesores","url":"http:\/\/192.168.7.7:8081\/","logo":{"@type":"ImageObject","inLanguage":"fr-FR","@id":"http:\/\/192.168.7.7:8081\/#\/schema\/logo\/image\/","url":"https:\/\/www.sucesores.es\/wp-content\/uploads\/2023\/08\/logo-menu-400.png","contentUrl":"https:\/\/www.sucesores.es\/wp-content\/uploads\/2023\/08\/logo-menu-400.png","width":400,"height":293,"caption":"Sucesores de Cumbres Mayores"},"image":{"@id":"http:\/\/192.168.7.7:8081\/#\/schema\/logo\/image\/"}}]}},"_links":{"self":[{"href":"https:\/\/www.sucesores.es\/fr\/wp-json\/wp\/v2\/product\/12850","targetHints":{"allow":["GET"]}}],"collection":[{"href":"https:\/\/www.sucesores.es\/fr\/wp-json\/wp\/v2\/product"}],"about":[{"href":"https:\/\/www.sucesores.es\/fr\/wp-json\/wp\/v2\/types\/product"}],"replies":[{"embeddable":true,"href":"https:\/\/www.sucesores.es\/fr\/wp-json\/wp\/v2\/comments?post=12850"}],"wp:attachment":[{"href":"https:\/\/www.sucesores.es\/fr\/wp-json\/wp\/v2\/media?parent=12850"}],"wp:term":[{"taxonomy":"product_brand","embeddable":true,"href":"https:\/\/www.sucesores.es\/fr\/wp-json\/wp\/v2\/product_brand?post=12850"},{"taxonomy":"product_cat","embeddable":true,"href":"https:\/\/www.sucesores.es\/fr\/wp-json\/wp\/v2\/product_cat?post=12850"},{"taxonomy":"product_tag","embeddable":true,"href":"https:\/\/www.sucesores.es\/fr\/wp-json\/wp\/v2\/product_tag?post=12850"}],"curies":[{"name":"wp","href":"https:\/\/api.w.org\/{rel}","templated":true}]}}