{"id":4786,"date":"2023-08-18T14:55:05","date_gmt":"2023-08-18T12:55:05","guid":{"rendered":"https:\/\/www.sucesores.es\/politica-dei-cookie\/"},"modified":"2024-01-31T17:07:28","modified_gmt":"2024-01-31T16:07:28","slug":"politica-dei-cookie","status":"publish","type":"page","link":"https:\/\/www.sucesores.es\/it\/politica-dei-cookie\/","title":{"rendered":"Politica dei cookie"},"content":{"rendered":"\n<p>Intraprendere l&#8217;azione necessaria per ottenere il consenso.<br\/>AVVISO SUI COOKIE:<br\/>L&#8217;informativa sui cookie pu\u00f2 essere inserita in uno dei due modi seguenti:<br\/>1.- Che appaia un pannello di configurazione in cui i cookie possono essere accettati o rifiutati (non singolarmente ma come gruppo) in base alla categorizzazione:<br\/>a) Cookie tecnici: se questi sono necessari per la ss. Possono essere sempre attivi.<br\/>b) Cookie di preferenza o di personalizzazione<br\/>c) Cookie di analisi o misurazione<br\/>d) Cookie di pubblicit\u00e0 comportamentale<br\/>2<br\/>2.- O consentire all&#8217;utente di accettare o rifiutare i cookie per categoria in questo stesso avviso.<br\/>SEZIONE COOKIE:<br\/>Testo da inserire nella sezione &#8220;Informativa sui cookie&#8221; che deve essere pubblicata in fondo alla home page, accanto alla sezione &#8220;Note legali&#8221; e &#8220;Informativa sulla privacy\/protezione dei dati&#8221;:<br\/>Il sito web di SUCESORES DE CUMBRES MAYORES, S.L. utilizza i cookie (piccoli file di informazioni che il server invia al computer di coloro che accedono alla pagina) per il corretto funzionamento e la visualizzazione dei siti web da parte dell&#8217;utente, nonch\u00e9 la raccolta di statistiche. Nello specifico, vengono utilizzati i seguenti Cookie:<br\/>Cookie Temporalit\u00e0 Propriet\u00e0 Funzionalit\u00e0 Finalit\u00e0<br\/>CONSENSO<br\/>Permanente<br\/>Straniero<br\/>Questi cookie sono a scopo pubblicitario. Ti consente di distinguere browser e dispositivi per generare annunci e consigli.<br\/>Pubblicit\u00e0<br\/>3<br\/>_Gid<br\/>Permanente<br\/>Proprio<br\/>Viene utilizzato per distinguere gli utenti.<br\/>Tecnica<br\/>_Ga<br\/>Permanente<br\/>Proprio<br\/>Viene utilizzato per distinguere gli utenti.<br\/>Tecnica<br\/>SIDCC<br\/>Permanente<br\/>Straniero<br\/>Questi cookie sono a scopo pubblicitario. Ti consente di distinguere browser e dispositivi per generare annunci e consigli.<br\/>Pubblicit\u00e0<br\/>SSID (SSID)<br\/>Permanente<br\/>Straniero<br\/>Questi cookie sono a scopo pubblicitario. Ti consente di distinguere browser e dispositivi per generare annunci e consigli.<br\/>Pubblicit\u00e0<br\/>HSID<br\/>Permanente<br\/>Straniero<br\/>Questi cookie sono a scopo pubblicitario. Ti consente di distinguere browser e dispositivi per generare annunci e consigli.<br\/>Pubblicit\u00e0<br\/>SID<br\/>Permanente<br\/>Straniero<br\/>Questi cookie sono a scopo pubblicitario. Ti consente di distinguere browser e dispositivi per generare annunci e consigli.<br\/>Pubblicit\u00e0<br\/>SAPISIDE<br\/>Permanente<br\/>Straniero<br\/>Questi cookie sono a scopo pubblicitario. Ti consente di distinguere browser e dispositivi per generare annunci e consigli.<br\/>Pubblicit\u00e0<br\/>APISID (APISID)<br\/>Permanente<br\/>Straniero<br\/>Questi cookie sono a scopo pubblicitario. Ti consente di distinguere browser e dispositivi per generare annunci e consigli.<br\/>Pubblicit\u00e0<br\/>DV<br\/>Permanente<br\/>Straniero<br\/>Vengono utilizzati per rimanere connessi al tuo account Google quando visiti nuovamente i loro servizi.<br\/>Preferenza<br\/>OTZ (Italiano)<br\/>Permanente<br\/>Straniero<br\/>Misura le prestazioni degli annunci e fornisce consigli basati su dati statistici.<br\/>Analisi<br\/>NID<br\/>Permanente<br\/>Straniero<br\/>Misura le prestazioni degli annunci e fornisce consigli basati su dati statistici.<br\/>Pubblicit\u00e0<br\/>4<br\/>ANID<br\/>Permanente<br\/>Straniero<br\/>Misura le prestazioni degli annunci e fornisce consigli basati su dati statistici.<br\/>Pubblicit\u00e0<br\/>1P_JAR<br\/>Permanente<br\/>Straniero<br\/>Trasferisci i dati a Google.<br\/>Analisi<br\/>Sicuro-3PSIDCC<br\/>Permanente<br\/>Straniero<br\/>Vengono utilizzati per pubblicare annunci pi\u00f9 pertinenti agli utenti e ai loro interessi.<br\/>Pubblicit\u00e0<br\/>Sicuro-3PAPISID<br\/>Permanente<br\/>Straniero<br\/>Vengono utilizzati per pubblicare annunci pi\u00f9 pertinenti agli utenti e ai loro interessi.<br\/>Pubblicit\u00e0<br\/>Secure-3PSID<br\/>Permanente<br\/>Straniero<br\/>Vengono utilizzati per pubblicare annunci pi\u00f9 pertinenti agli utenti e ai loro interessi.<br\/>Pubblicit\u00e0<br\/>SUCESORES DE CUMBRES MAYORES, S.L. visualizza le informazioni sulla sua Politica sui cookie ad ogni accesso in modo che tu ne sia consapevole.<br\/>Sulla base di queste informazioni, \u00e8 possibile effettuare le seguenti azioni:<br\/>Accetta i cookie. Questo avviso non verr\u00e0 pi\u00f9 visualizzato quando si accede a qualsiasi pagina del portale durante questa sessione.<br\/>Modificare le impostazioni. \u00c8 possibile ottenere maggiori informazioni su cosa sono i cookie, conoscere la politica sui cookie di SUCESORES DE CUMBRES MAYORES, S.L. e modificare le impostazioni del browser per limitare o bloccare i cookie di SUCESORES DE CUMBRES MAYORES, S.L. in qualsiasi momento. In caso di limitazione o blocco dei cookie, le funzionalit\u00e0 del sito web potrebbero essere ridotte.<br\/>Continuare la navigazione o spostarsi nella barra di scorrimento: per fare ci\u00f2, \u00e8 necessario aver accettato tutti o parte dei cookie in base alla propria scelta. Fatta eccezione per i cookie necessari, che saranno obbligatoriamente accettati.<br\/>\u00c8 possibile limitare, bloccare o eliminare i cookie di SUCESORES DE CUMBRES MAYORES, S.L. o di qualsiasi altro sito web, utilizzando il proprio browser. In ogni browser l&#8217;operazione \u00e8 diversa, la funzione &#8220;Aiuto&#8221; ti mostrer\u00e0 come farlo.<br\/>Internet Explorer:<br\/>windows.microsoft.com\/es-xl\/internet-explorer\/delete-manage-cookies#ie=&#8221;IE-10&#8243;<br\/>FireFox: support.mozilla.org\/es\/kb\/Borrar%20cookies<br\/>Chrome: support.google.com\/chrome\/answer\/95647?hl=&#8221;en&#8221;<br\/>5<br\/>Safari: www.apple.com\/es\/privacy\/use-of-cookies\/<br\/>Inoltre, puoi anche gestire la memorizzazione dei cookie nel tuo browser attraverso strumenti come i seguenti:<br\/>Ghostery: www.ghostery.com\/<br\/>Le tue scelte online: www.youronlinechoices.com\/es\/<\/p>\n","protected":false},"excerpt":{"rendered":"<p>Intraprendere l&#8217;azione necessaria per ottenere il consenso.AVVISO SUI COOKIE:L&#8217;informativa sui cookie pu\u00f2 essere inserita in uno dei due modi seguenti:1.- Che appaia un pannello di configurazione in cui i cookie possono essere accettati o rifiutati (non singolarmente ma come gruppo) in base alla categorizzazione:a) Cookie&#8230;<\/p>\n","protected":false},"author":1,"featured_media":3553,"parent":0,"menu_order":0,"comment_status":"closed","ping_status":"closed","template":"","meta":{"footnotes":""},"class_list":["post-4786","page","type-page","status-publish","has-post-thumbnail","hentry"],"yoast_head":"<!-- This site is optimized with the Yoast SEO Premium plugin v26.1 (Yoast SEO v26.2) - https:\/\/yoast.com\/wordpress\/plugins\/seo\/ -->\n<title>Politica dei cookie - Sucesores de Cumbres Mayores<\/title>\n<meta name=\"description\" content=\"Politica sui cookie, in conformit\u00e0 con la Direttiva Europea del 2009 e l&#039;articolo 22 della Legge 34\/2002 dell&#039;11 luglio 2014\" \/>\n<meta name=\"robots\" content=\"index, follow, max-snippet:-1, max-image-preview:large, max-video-preview:-1\" \/>\n<link rel=\"canonical\" href=\"https:\/\/www.sucesores.es\/it\/politica-dei-cookie\/\" \/>\n<meta property=\"og:locale\" content=\"it_IT\" \/>\n<meta property=\"og:type\" content=\"article\" \/>\n<meta property=\"og:title\" content=\"Politica dei cookie\" \/>\n<meta property=\"og:description\" content=\"Politica sui cookie, in conformit\u00e0 con la Direttiva Europea del 2009 e l&#039;articolo 22 della Legge 34\/2002 dell&#039;11 luglio 2014\" \/>\n<meta property=\"og:url\" content=\"https:\/\/www.sucesores.es\/it\/politica-dei-cookie\/\" \/>\n<meta property=\"og:site_name\" content=\"Sucesores de Cumbres Mayores\" \/>\n<meta property=\"article:modified_time\" content=\"2024-01-31T16:07:28+00:00\" \/>\n<meta property=\"og:image\" content=\"https:\/\/www.sucesores.es\/http:\/\/www.sucesores.es\/wp-content\/uploads\/2023\/09\/sello_1.png\" \/>\n\t<meta property=\"og:image:width\" content=\"696\" \/>\n\t<meta property=\"og:image:height\" content=\"768\" \/>\n\t<meta property=\"og:image:type\" content=\"image\/png\" \/>\n<meta name=\"twitter:card\" content=\"summary_large_image\" \/>\n<meta name=\"twitter:label1\" content=\"Tempo di lettura stimato\" \/>\n\t<meta name=\"twitter:data1\" content=\"3 minuti\" \/>\n<script type=\"application\/ld+json\" class=\"yoast-schema-graph\">{\"@context\":\"https:\/\/schema.org\",\"@graph\":[{\"@type\":\"WebPage\",\"@id\":\"https:\/\/www.sucesores.es\/it\/politica-dei-cookie\/\",\"url\":\"https:\/\/www.sucesores.es\/it\/politica-dei-cookie\/\",\"name\":\"Politica dei cookie - Sucesores de Cumbres Mayores\",\"isPartOf\":{\"@id\":\"http:\/\/192.168.7.7:8081\/#website\"},\"primaryImageOfPage\":{\"@id\":\"https:\/\/www.sucesores.es\/it\/politica-dei-cookie\/#primaryimage\"},\"image\":{\"@id\":\"https:\/\/www.sucesores.es\/it\/politica-dei-cookie\/#primaryimage\"},\"thumbnailUrl\":\"https:\/\/www.sucesores.es\/wp-content\/uploads\/2023\/09\/sello_1.png\",\"datePublished\":\"2023-08-18T12:55:05+00:00\",\"dateModified\":\"2024-01-31T16:07:28+00:00\",\"description\":\"Politica sui cookie, in conformit\u00e0 con la Direttiva Europea del 2009 e l'articolo 22 della Legge 34\/2002 dell'11 luglio 2014\",\"breadcrumb\":{\"@id\":\"https:\/\/www.sucesores.es\/it\/politica-dei-cookie\/#breadcrumb\"},\"inLanguage\":\"it-IT\",\"potentialAction\":[{\"@type\":\"ReadAction\",\"target\":[\"https:\/\/www.sucesores.es\/it\/politica-dei-cookie\/\"]}]},{\"@type\":\"ImageObject\",\"inLanguage\":\"it-IT\",\"@id\":\"https:\/\/www.sucesores.es\/it\/politica-dei-cookie\/#primaryimage\",\"url\":\"https:\/\/www.sucesores.es\/wp-content\/uploads\/2023\/09\/sello_1.png\",\"contentUrl\":\"https:\/\/www.sucesores.es\/wp-content\/uploads\/2023\/09\/sello_1.png\",\"width\":696,\"height\":768,\"caption\":\"Cochinita pibil. Sucesores de Cumbres Mayores\"},{\"@type\":\"BreadcrumbList\",\"@id\":\"https:\/\/www.sucesores.es\/it\/politica-dei-cookie\/#breadcrumb\",\"itemListElement\":[{\"@type\":\"ListItem\",\"position\":1,\"name\":\"Portada\",\"item\":\"https:\/\/www.sucesores.es\/it\/\"},{\"@type\":\"ListItem\",\"position\":2,\"name\":\"Politica dei cookie\"}]},{\"@type\":\"WebSite\",\"@id\":\"http:\/\/192.168.7.7:8081\/#website\",\"url\":\"http:\/\/192.168.7.7:8081\/\",\"name\":\"Sucesores de Cumbres Mayores\",\"description\":\"\",\"publisher\":{\"@id\":\"http:\/\/192.168.7.7:8081\/#organization\"},\"alternateName\":\"Sucesores\",\"potentialAction\":[{\"@type\":\"SearchAction\",\"target\":{\"@type\":\"EntryPoint\",\"urlTemplate\":\"http:\/\/192.168.7.7:8081\/?s={search_term_string}\"},\"query-input\":{\"@type\":\"PropertyValueSpecification\",\"valueRequired\":true,\"valueName\":\"search_term_string\"}}],\"inLanguage\":\"it-IT\"},{\"@type\":\"Organization\",\"@id\":\"http:\/\/192.168.7.7:8081\/#organization\",\"name\":\"Sucesores de Cumbres Mayores\",\"alternateName\":\"Sucesores\",\"url\":\"http:\/\/192.168.7.7:8081\/\",\"logo\":{\"@type\":\"ImageObject\",\"inLanguage\":\"it-IT\",\"@id\":\"http:\/\/192.168.7.7:8081\/#\/schema\/logo\/image\/\",\"url\":\"https:\/\/www.sucesores.es\/wp-content\/uploads\/2023\/08\/logo-menu-400.png\",\"contentUrl\":\"https:\/\/www.sucesores.es\/wp-content\/uploads\/2023\/08\/logo-menu-400.png\",\"width\":400,\"height\":293,\"caption\":\"Sucesores de Cumbres Mayores\"},\"image\":{\"@id\":\"http:\/\/192.168.7.7:8081\/#\/schema\/logo\/image\/\"}}]}<\/script>\n<!-- \/ Yoast SEO Premium plugin. -->","yoast_head_json":{"title":"Politica dei cookie - Sucesores de Cumbres Mayores","description":"Politica sui cookie, in conformit\u00e0 con la Direttiva Europea del 2009 e l'articolo 22 della Legge 34\/2002 dell'11 luglio 2014","robots":{"index":"index","follow":"follow","max-snippet":"max-snippet:-1","max-image-preview":"max-image-preview:large","max-video-preview":"max-video-preview:-1"},"canonical":"https:\/\/www.sucesores.es\/it\/politica-dei-cookie\/","og_locale":"it_IT","og_type":"article","og_title":"Politica dei cookie","og_description":"Politica sui cookie, in conformit\u00e0 con la Direttiva Europea del 2009 e l'articolo 22 della Legge 34\/2002 dell'11 luglio 2014","og_url":"https:\/\/www.sucesores.es\/it\/politica-dei-cookie\/","og_site_name":"Sucesores de Cumbres Mayores","article_modified_time":"2024-01-31T16:07:28+00:00","og_image":[{"width":696,"height":768,"url":"https:\/\/www.sucesores.es\/http:\/\/www.sucesores.es\/wp-content\/uploads\/2023\/09\/sello_1.png","type":"image\/png"}],"twitter_card":"summary_large_image","twitter_misc":{"Tempo di lettura stimato":"3 minuti"},"schema":{"@context":"https:\/\/schema.org","@graph":[{"@type":"WebPage","@id":"https:\/\/www.sucesores.es\/it\/politica-dei-cookie\/","url":"https:\/\/www.sucesores.es\/it\/politica-dei-cookie\/","name":"Politica dei cookie - Sucesores de Cumbres Mayores","isPartOf":{"@id":"http:\/\/192.168.7.7:8081\/#website"},"primaryImageOfPage":{"@id":"https:\/\/www.sucesores.es\/it\/politica-dei-cookie\/#primaryimage"},"image":{"@id":"https:\/\/www.sucesores.es\/it\/politica-dei-cookie\/#primaryimage"},"thumbnailUrl":"https:\/\/www.sucesores.es\/wp-content\/uploads\/2023\/09\/sello_1.png","datePublished":"2023-08-18T12:55:05+00:00","dateModified":"2024-01-31T16:07:28+00:00","description":"Politica sui cookie, in conformit\u00e0 con la Direttiva Europea del 2009 e l'articolo 22 della Legge 34\/2002 dell'11 luglio 2014","breadcrumb":{"@id":"https:\/\/www.sucesores.es\/it\/politica-dei-cookie\/#breadcrumb"},"inLanguage":"it-IT","potentialAction":[{"@type":"ReadAction","target":["https:\/\/www.sucesores.es\/it\/politica-dei-cookie\/"]}]},{"@type":"ImageObject","inLanguage":"it-IT","@id":"https:\/\/www.sucesores.es\/it\/politica-dei-cookie\/#primaryimage","url":"https:\/\/www.sucesores.es\/wp-content\/uploads\/2023\/09\/sello_1.png","contentUrl":"https:\/\/www.sucesores.es\/wp-content\/uploads\/2023\/09\/sello_1.png","width":696,"height":768,"caption":"Cochinita pibil. Sucesores de Cumbres Mayores"},{"@type":"BreadcrumbList","@id":"https:\/\/www.sucesores.es\/it\/politica-dei-cookie\/#breadcrumb","itemListElement":[{"@type":"ListItem","position":1,"name":"Portada","item":"https:\/\/www.sucesores.es\/it\/"},{"@type":"ListItem","position":2,"name":"Politica dei cookie"}]},{"@type":"WebSite","@id":"http:\/\/192.168.7.7:8081\/#website","url":"http:\/\/192.168.7.7:8081\/","name":"Sucesores de Cumbres Mayores","description":"","publisher":{"@id":"http:\/\/192.168.7.7:8081\/#organization"},"alternateName":"Sucesores","potentialAction":[{"@type":"SearchAction","target":{"@type":"EntryPoint","urlTemplate":"http:\/\/192.168.7.7:8081\/?s={search_term_string}"},"query-input":{"@type":"PropertyValueSpecification","valueRequired":true,"valueName":"search_term_string"}}],"inLanguage":"it-IT"},{"@type":"Organization","@id":"http:\/\/192.168.7.7:8081\/#organization","name":"Sucesores de Cumbres Mayores","alternateName":"Sucesores","url":"http:\/\/192.168.7.7:8081\/","logo":{"@type":"ImageObject","inLanguage":"it-IT","@id":"http:\/\/192.168.7.7:8081\/#\/schema\/logo\/image\/","url":"https:\/\/www.sucesores.es\/wp-content\/uploads\/2023\/08\/logo-menu-400.png","contentUrl":"https:\/\/www.sucesores.es\/wp-content\/uploads\/2023\/08\/logo-menu-400.png","width":400,"height":293,"caption":"Sucesores de Cumbres Mayores"},"image":{"@id":"http:\/\/192.168.7.7:8081\/#\/schema\/logo\/image\/"}}]}},"_links":{"self":[{"href":"https:\/\/www.sucesores.es\/it\/wp-json\/wp\/v2\/pages\/4786","targetHints":{"allow":["GET"]}}],"collection":[{"href":"https:\/\/www.sucesores.es\/it\/wp-json\/wp\/v2\/pages"}],"about":[{"href":"https:\/\/www.sucesores.es\/it\/wp-json\/wp\/v2\/types\/page"}],"author":[{"embeddable":true,"href":"https:\/\/www.sucesores.es\/it\/wp-json\/wp\/v2\/users\/1"}],"replies":[{"embeddable":true,"href":"https:\/\/www.sucesores.es\/it\/wp-json\/wp\/v2\/comments?post=4786"}],"version-history":[{"count":2,"href":"https:\/\/www.sucesores.es\/it\/wp-json\/wp\/v2\/pages\/4786\/revisions"}],"predecessor-version":[{"id":4793,"href":"https:\/\/www.sucesores.es\/it\/wp-json\/wp\/v2\/pages\/4786\/revisions\/4793"}],"wp:featuredmedia":[{"embeddable":true,"href":"https:\/\/www.sucesores.es\/it\/wp-json\/wp\/v2\/media\/3553"}],"wp:attachment":[{"href":"https:\/\/www.sucesores.es\/it\/wp-json\/wp\/v2\/media?parent=4786"}],"curies":[{"name":"wp","href":"https:\/\/api.w.org\/{rel}","templated":true}]}}